{"id":326,"date":"2024-01-08T20:33:23","date_gmt":"2024-01-08T19:33:23","guid":{"rendered":"https:\/\/www.elmstreet79.de\/index.php\/contact-page\/"},"modified":"2024-01-22T18:33:39","modified_gmt":"2024-01-22T17:33:39","slug":"kontakt","status":"publish","type":"page","link":"https:\/\/haushelden-service.de\/index.php\/kontakt\/","title":{"rendered":"Kontakt"},"content":{"rendered":"\n<div class=\"wp-block-group alignfull is-layout-constrained wp-container-core-group-is-layout-cf815ef3 wp-block-group-is-layout-constrained\" style=\"margin-top:0px;margin-bottom:0px;padding-top:var(--wp--preset--spacing--80);padding-right:var(--wp--preset--spacing--40);padding-bottom:var(--wp--preset--spacing--80);padding-left:var(--wp--preset--spacing--40)\">\n<div class=\"wp-block-group alignwide is-layout-flow wp-container-core-group-is-layout-08d096aa wp-block-group-is-layout-flow\">\n<div class=\"wp-block-group alignfull is-layout-constrained wp-container-core-group-is-layout-4df73788 wp-block-group-is-layout-constrained\" style=\"padding-top:0;padding-right:0;padding-bottom:0;padding-left:0\">\n<div class=\"wp-block-group alignwide is-layout-flow wp-block-group-is-layout-flow\">\n<div class=\"wp-block-columns is-layout-flex wp-container-core-columns-is-layout-28f84493 wp-block-columns-is-layout-flex\">\n<div class=\"wp-block-column is-vertically-aligned-center is-layout-flow wp-block-column-is-layout-flow\">\n<div class=\"wp-block-group is-content-justification-left is-layout-constrained wp-container-core-group-is-layout-4d29753e wp-block-group-is-layout-constrained\" style=\"border-radius:5px;padding-top:0;padding-right:0;padding-bottom:0;padding-left:0\">\n<h2 class=\"wp-block-heading has-text-align-center\">Kontakt<\/h2>\n\n\n\n<p class=\"has-text-align-center\">\u00dcbersicht<\/p>\n\n\n\n<hr class=\"wp-block-separator aligncenter has-text-color has-raft-accent-color has-alpha-channel-opacity has-raft-accent-background-color has-background is-style-wide\"\/>\n\n\n\n<p class=\"has-text-align-center has-small-font-size\" style=\"font-style:normal;font-weight:600;letter-spacing:2px;text-transform:uppercase\">FOLGE UNS auch auf<\/p>\n\n\n\n<ul class=\"wp-block-social-links has-large-icon-size is-content-justification-center is-layout-flex wp-container-core-social-links-is-layout-a89b3969 wp-block-social-links-is-layout-flex\"><li class=\"wp-social-link wp-social-link-instagram  wp-block-social-link\"><a href=\"https:\/\/www.instagram.com\/haushelden_service\/\" class=\"wp-block-social-link-anchor\"><svg width=\"24\" height=\"24\" viewBox=\"0 0 24 24\" version=\"1.1\" xmlns=\"http:\/\/www.w3.org\/2000\/svg\" aria-hidden=\"true\" focusable=\"false\"><path d=\"M12,4.622c2.403,0,2.688,0.009,3.637,0.052c0.877,0.04,1.354,0.187,1.671,0.31c0.42,0.163,0.72,0.358,1.035,0.673 c0.315,0.315,0.51,0.615,0.673,1.035c0.123,0.317,0.27,0.794,0.31,1.671c0.043,0.949,0.052,1.234,0.052,3.637 s-0.009,2.688-0.052,3.637c-0.04,0.877-0.187,1.354-0.31,1.671c-0.163,0.42-0.358,0.72-0.673,1.035 c-0.315,0.315-0.615,0.51-1.035,0.673c-0.317,0.123-0.794,0.27-1.671,0.31c-0.949,0.043-1.233,0.052-3.637,0.052 s-2.688-0.009-3.637-0.052c-0.877-0.04-1.354-0.187-1.671-0.31c-0.42-0.163-0.72-0.358-1.035-0.673 c-0.315-0.315-0.51-0.615-0.673-1.035c-0.123-0.317-0.27-0.794-0.31-1.671C4.631,14.688,4.622,14.403,4.622,12 s0.009-2.688,0.052-3.637c0.04-0.877,0.187-1.354,0.31-1.671c0.163-0.42,0.358-0.72,0.673-1.035 c0.315-0.315,0.615-0.51,1.035-0.673c0.317-0.123,0.794-0.27,1.671-0.31C9.312,4.631,9.597,4.622,12,4.622 M12,3 C9.556,3,9.249,3.01,8.289,3.054C7.331,3.098,6.677,3.25,6.105,3.472C5.513,3.702,5.011,4.01,4.511,4.511 c-0.5,0.5-0.808,1.002-1.038,1.594C3.25,6.677,3.098,7.331,3.054,8.289C3.01,9.249,3,9.556,3,12c0,2.444,0.01,2.751,0.054,3.711 c0.044,0.958,0.196,1.612,0.418,2.185c0.23,0.592,0.538,1.094,1.038,1.594c0.5,0.5,1.002,0.808,1.594,1.038 c0.572,0.222,1.227,0.375,2.185,0.418C9.249,20.99,9.556,21,12,21s2.751-0.01,3.711-0.054c0.958-0.044,1.612-0.196,2.185-0.418 c0.592-0.23,1.094-0.538,1.594-1.038c0.5-0.5,0.808-1.002,1.038-1.594c0.222-0.572,0.375-1.227,0.418-2.185 C20.99,14.751,21,14.444,21,12s-0.01-2.751-0.054-3.711c-0.044-0.958-0.196-1.612-0.418-2.185c-0.23-0.592-0.538-1.094-1.038-1.594 c-0.5-0.5-1.002-0.808-1.594-1.038c-0.572-0.222-1.227-0.375-2.185-0.418C14.751,3.01,14.444,3,12,3L12,3z M12,7.378 c-2.552,0-4.622,2.069-4.622,4.622S9.448,16.622,12,16.622s4.622-2.069,4.622-4.622S14.552,7.378,12,7.378z M12,15 c-1.657,0-3-1.343-3-3s1.343-3,3-3s3,1.343,3,3S13.657,15,12,15z M16.804,6.116c-0.596,0-1.08,0.484-1.08,1.08 s0.484,1.08,1.08,1.08c0.596,0,1.08-0.484,1.08-1.08S17.401,6.116,16.804,6.116z\"><\/path><\/svg><span class=\"wp-block-social-link-label screen-reader-text\">Instagram<\/span><\/a><\/li><\/ul>\n<\/div>\n<\/div>\n\n\n\n<div class=\"wp-block-column is-vertically-aligned-top has-background is-layout-flow wp-block-column-is-layout-flow\" style=\"background-color:#b0100b;padding-top:var(--wp--preset--spacing--60);padding-right:var(--wp--preset--spacing--60);padding-bottom:var(--wp--preset--spacing--60);padding-left:var(--wp--preset--spacing--60);flex-basis:600px\">\n<div class=\"wp-block-group is-content-justification-left is-layout-constrained wp-container-core-group-is-layout-4aa91cc0 wp-block-group-is-layout-constrained\">\n<div class=\"wp-block-group is-content-justification-space-between is-layout-flex wp-container-core-group-is-layout-ceead2e9 wp-block-group-is-layout-flex\">\n<p class=\"has-raft-bg-color has-text-color has-link-color wp-elements-bb962bd312148fcad63468cc4434fddd\" style=\"font-size:22px;font-style:normal;font-weight:600;letter-spacing:2px;text-transform:uppercase\"><strong>Telefon<\/strong><\/p>\n\n\n\n<p class=\"has-raft-bg-color has-text-color has-link-color wp-elements-cfdf8d53e08a509bb86a139d36f635a2\" style=\"font-size:22px\"><strong><a href=\"tel:0152 229 541 61\">0152 229 541 61<\/a><\/strong><\/p>\n<\/div>\n\n\n\n<hr class=\"wp-block-separator has-text-color has-raft-fg-color has-alpha-channel-opacity has-raft-fg-background-color has-background is-style-default\"\/>\n\n\n\n<div class=\"wp-block-group is-content-justification-space-between is-layout-flex wp-container-core-group-is-layout-ceead2e9 wp-block-group-is-layout-flex\">\n<p class=\"has-raft-bg-color has-text-color has-link-color wp-elements-5cfeeaa6885f1a5bba5cc2737103f30c\" style=\"font-size:22px;font-style:normal;font-weight:600;letter-spacing:2px;text-transform:uppercase\"><strong>EMAIL<\/strong><\/p>\n\n\n\n<p class=\"has-raft-bg-color has-text-color has-link-color wp-elements-832f4d1f6d7241af477858aef069d0f0\" style=\"font-size:22px\"><strong><a href=\"mailto:info@haushelden-service.de\">info@haushelden-service.de<\/a><\/strong><\/p>\n<\/div>\n\n\n\n<hr class=\"wp-block-separator has-text-color has-raft-fg-color has-alpha-channel-opacity has-raft-fg-background-color has-background is-style-default\"\/>\n\n\n\n<div class=\"wp-block-group is-content-justification-space-between is-layout-flex wp-container-core-group-is-layout-ceead2e9 wp-block-group-is-layout-flex\">\n<p class=\"has-raft-bg-color has-text-color has-link-color wp-elements-51c2ab7cf4b4d39c07e3c6eca21a2ada\" style=\"font-size:22px;font-style:normal;font-weight:600;letter-spacing:2px;text-transform:uppercase\"><strong>INTERNET<\/strong><\/p>\n\n\n\n<p class=\"has-raft-bg-color has-text-color has-link-color wp-elements-0593a0b38ed987811847ec1b9e9985ed\" style=\"font-size:22px\"><strong>www.haushelden-service.de<\/strong><\/p>\n<\/div>\n<\/div>\n<\/div>\n<\/div>\n<\/div>\n<\/div>\n<\/div>\n<\/div>\n","protected":false},"excerpt":{"rendered":"<p>Kontakt \u00dcbersicht FOLGE UNS auch auf Telefon 0152 229 541 61 EMAIL info@haushelden-service.de INTERNET www.haushelden-service.de<\/p>\n","protected":false},"author":1,"featured_media":0,"parent":0,"menu_order":3,"comment_status":"closed","ping_status":"closed","template":"template-plain","meta":{"_themeisle_gutenberg_block_has_review":false,"footnotes":""},"class_list":["post-326","page","type-page","status-publish","hentry"],"yoast_head":"<!-- This site is optimized with the Yoast SEO plugin v27.6 - https:\/\/yoast.com\/product\/yoast-seo-wordpress\/ -->\n<title>Kontakt - Haushelden-Service<\/title>\n<meta name=\"description\" content=\"Nehmen Sie Kontakt mit Haushelden-Service auf! Auf unserer Kontakt-Seite finden Sie alle Informationen, um mit uns in Verbindung zu treten. Ob Fragen zu Umz\u00fcgen, Entr\u00fcmpelungen oder Haushaltsaufl\u00f6sungen \u2013 wir stehen Ihnen mit Rat und Tat zur Seite. Erreichen Sie uns unkompliziert per Email oder per Telefon. Wir freuen uns darauf, Ihnen zu helfen!\" \/>\n<meta name=\"robots\" content=\"index, follow, max-snippet:-1, max-image-preview:large, max-video-preview:-1\" \/>\n<link rel=\"canonical\" href=\"https:\/\/haushelden-service.de\/index.php\/kontakt\/\" \/>\n<meta property=\"og:locale\" content=\"de_DE\" \/>\n<meta property=\"og:type\" content=\"article\" \/>\n<meta property=\"og:title\" content=\"Kontakt - Haushelden-Service\" \/>\n<meta property=\"og:description\" content=\"Nehmen Sie Kontakt mit Haushelden-Service auf! Auf unserer Kontakt-Seite finden Sie alle Informationen, um mit uns in Verbindung zu treten. Ob Fragen zu Umz\u00fcgen, Entr\u00fcmpelungen oder Haushaltsaufl\u00f6sungen \u2013 wir stehen Ihnen mit Rat und Tat zur Seite. Erreichen Sie uns unkompliziert per Email oder per Telefon. Wir freuen uns darauf, Ihnen zu helfen!\" \/>\n<meta property=\"og:url\" content=\"https:\/\/haushelden-service.de\/index.php\/kontakt\/\" \/>\n<meta property=\"og:site_name\" content=\"Haushelden-Service\" \/>\n<meta property=\"article:modified_time\" content=\"2024-01-22T17:33:39+00:00\" \/>\n<meta name=\"twitter:card\" content=\"summary_large_image\" \/>\n<meta name=\"twitter:label1\" content=\"Gesch\u00e4tzte Lesezeit\" \/>\n\t<meta name=\"twitter:data1\" content=\"1\u00a0Minute\" \/>\n<script type=\"application\/ld+json\" class=\"yoast-schema-graph\">{\"@context\":\"https:\\\/\\\/schema.org\",\"@graph\":[{\"@type\":\"WebPage\",\"@id\":\"https:\\\/\\\/haushelden-service.de\\\/index.php\\\/kontakt\\\/\",\"url\":\"https:\\\/\\\/haushelden-service.de\\\/index.php\\\/kontakt\\\/\",\"name\":\"Kontakt - Haushelden-Service\",\"isPartOf\":{\"@id\":\"https:\\\/\\\/haushelden-service.de\\\/#website\"},\"datePublished\":\"2024-01-08T19:33:23+00:00\",\"dateModified\":\"2024-01-22T17:33:39+00:00\",\"description\":\"Nehmen Sie Kontakt mit Haushelden-Service auf! Auf unserer Kontakt-Seite finden Sie alle Informationen, um mit uns in Verbindung zu treten. Ob Fragen zu Umz\u00fcgen, Entr\u00fcmpelungen oder Haushaltsaufl\u00f6sungen \u2013 wir stehen Ihnen mit Rat und Tat zur Seite. Erreichen Sie uns unkompliziert per Email oder per Telefon. Wir freuen uns darauf, Ihnen zu helfen!\",\"breadcrumb\":{\"@id\":\"https:\\\/\\\/haushelden-service.de\\\/index.php\\\/kontakt\\\/#breadcrumb\"},\"inLanguage\":\"de\",\"potentialAction\":[{\"@type\":\"ReadAction\",\"target\":[\"https:\\\/\\\/haushelden-service.de\\\/index.php\\\/kontakt\\\/\"]}]},{\"@type\":\"BreadcrumbList\",\"@id\":\"https:\\\/\\\/haushelden-service.de\\\/index.php\\\/kontakt\\\/#breadcrumb\",\"itemListElement\":[{\"@type\":\"ListItem\",\"position\":1,\"name\":\"Startseite\",\"item\":\"https:\\\/\\\/haushelden-service.de\\\/\"},{\"@type\":\"ListItem\",\"position\":2,\"name\":\"Kontakt\"}]},{\"@type\":\"WebSite\",\"@id\":\"https:\\\/\\\/haushelden-service.de\\\/#website\",\"url\":\"https:\\\/\\\/haushelden-service.de\\\/\",\"name\":\"Haushelden-Service\",\"description\":\"Ihr kompetenter Partner f\u00fcr alles rund ums Haus\",\"publisher\":{\"@id\":\"https:\\\/\\\/haushelden-service.de\\\/#organization\"},\"potentialAction\":[{\"@type\":\"SearchAction\",\"target\":{\"@type\":\"EntryPoint\",\"urlTemplate\":\"https:\\\/\\\/haushelden-service.de\\\/?s={search_term_string}\"},\"query-input\":{\"@type\":\"PropertyValueSpecification\",\"valueRequired\":true,\"valueName\":\"search_term_string\"}}],\"inLanguage\":\"de\"},{\"@type\":\"Organization\",\"@id\":\"https:\\\/\\\/haushelden-service.de\\\/#organization\",\"name\":\"Haushelden-Service\",\"url\":\"https:\\\/\\\/haushelden-service.de\\\/\",\"logo\":{\"@type\":\"ImageObject\",\"inLanguage\":\"de\",\"@id\":\"https:\\\/\\\/haushelden-service.de\\\/#\\\/schema\\\/logo\\\/image\\\/\",\"url\":\"https:\\\/\\\/haushelden-service.de\\\/wp-content\\\/uploads\\\/2024\\\/01\\\/01_Haushelden_logo_FINAL_2024.png\",\"contentUrl\":\"https:\\\/\\\/haushelden-service.de\\\/wp-content\\\/uploads\\\/2024\\\/01\\\/01_Haushelden_logo_FINAL_2024.png\",\"width\":2210,\"height\":1212,\"caption\":\"Haushelden-Service\"},\"image\":{\"@id\":\"https:\\\/\\\/haushelden-service.de\\\/#\\\/schema\\\/logo\\\/image\\\/\"},\"sameAs\":[\"https:\\\/\\\/www.instagram.com\\\/haushelden_service\\\/\"]}]}<\/script>\n<!-- \/ Yoast SEO plugin. -->","yoast_head_json":{"title":"Kontakt - Haushelden-Service","description":"Nehmen Sie Kontakt mit Haushelden-Service auf! Auf unserer Kontakt-Seite finden Sie alle Informationen, um mit uns in Verbindung zu treten. Ob Fragen zu Umz\u00fcgen, Entr\u00fcmpelungen oder Haushaltsaufl\u00f6sungen \u2013 wir stehen Ihnen mit Rat und Tat zur Seite. Erreichen Sie uns unkompliziert per Email oder per Telefon. Wir freuen uns darauf, Ihnen zu helfen!","robots":{"index":"index","follow":"follow","max-snippet":"max-snippet:-1","max-image-preview":"max-image-preview:large","max-video-preview":"max-video-preview:-1"},"canonical":"https:\/\/haushelden-service.de\/index.php\/kontakt\/","og_locale":"de_DE","og_type":"article","og_title":"Kontakt - Haushelden-Service","og_description":"Nehmen Sie Kontakt mit Haushelden-Service auf! Auf unserer Kontakt-Seite finden Sie alle Informationen, um mit uns in Verbindung zu treten. Ob Fragen zu Umz\u00fcgen, Entr\u00fcmpelungen oder Haushaltsaufl\u00f6sungen \u2013 wir stehen Ihnen mit Rat und Tat zur Seite. Erreichen Sie uns unkompliziert per Email oder per Telefon. Wir freuen uns darauf, Ihnen zu helfen!","og_url":"https:\/\/haushelden-service.de\/index.php\/kontakt\/","og_site_name":"Haushelden-Service","article_modified_time":"2024-01-22T17:33:39+00:00","twitter_card":"summary_large_image","twitter_misc":{"Gesch\u00e4tzte Lesezeit":"1\u00a0Minute"},"schema":{"@context":"https:\/\/schema.org","@graph":[{"@type":"WebPage","@id":"https:\/\/haushelden-service.de\/index.php\/kontakt\/","url":"https:\/\/haushelden-service.de\/index.php\/kontakt\/","name":"Kontakt - Haushelden-Service","isPartOf":{"@id":"https:\/\/haushelden-service.de\/#website"},"datePublished":"2024-01-08T19:33:23+00:00","dateModified":"2024-01-22T17:33:39+00:00","description":"Nehmen Sie Kontakt mit Haushelden-Service auf! Auf unserer Kontakt-Seite finden Sie alle Informationen, um mit uns in Verbindung zu treten. Ob Fragen zu Umz\u00fcgen, Entr\u00fcmpelungen oder Haushaltsaufl\u00f6sungen \u2013 wir stehen Ihnen mit Rat und Tat zur Seite. Erreichen Sie uns unkompliziert per Email oder per Telefon. Wir freuen uns darauf, Ihnen zu helfen!","breadcrumb":{"@id":"https:\/\/haushelden-service.de\/index.php\/kontakt\/#breadcrumb"},"inLanguage":"de","potentialAction":[{"@type":"ReadAction","target":["https:\/\/haushelden-service.de\/index.php\/kontakt\/"]}]},{"@type":"BreadcrumbList","@id":"https:\/\/haushelden-service.de\/index.php\/kontakt\/#breadcrumb","itemListElement":[{"@type":"ListItem","position":1,"name":"Startseite","item":"https:\/\/haushelden-service.de\/"},{"@type":"ListItem","position":2,"name":"Kontakt"}]},{"@type":"WebSite","@id":"https:\/\/haushelden-service.de\/#website","url":"https:\/\/haushelden-service.de\/","name":"Haushelden-Service","description":"Ihr kompetenter Partner f\u00fcr alles rund ums Haus","publisher":{"@id":"https:\/\/haushelden-service.de\/#organization"},"potentialAction":[{"@type":"SearchAction","target":{"@type":"EntryPoint","urlTemplate":"https:\/\/haushelden-service.de\/?s={search_term_string}"},"query-input":{"@type":"PropertyValueSpecification","valueRequired":true,"valueName":"search_term_string"}}],"inLanguage":"de"},{"@type":"Organization","@id":"https:\/\/haushelden-service.de\/#organization","name":"Haushelden-Service","url":"https:\/\/haushelden-service.de\/","logo":{"@type":"ImageObject","inLanguage":"de","@id":"https:\/\/haushelden-service.de\/#\/schema\/logo\/image\/","url":"https:\/\/haushelden-service.de\/wp-content\/uploads\/2024\/01\/01_Haushelden_logo_FINAL_2024.png","contentUrl":"https:\/\/haushelden-service.de\/wp-content\/uploads\/2024\/01\/01_Haushelden_logo_FINAL_2024.png","width":2210,"height":1212,"caption":"Haushelden-Service"},"image":{"@id":"https:\/\/haushelden-service.de\/#\/schema\/logo\/image\/"},"sameAs":["https:\/\/www.instagram.com\/haushelden_service\/"]}]}},"_links":{"self":[{"href":"https:\/\/haushelden-service.de\/index.php\/wp-json\/wp\/v2\/pages\/326","targetHints":{"allow":["GET"]}}],"collection":[{"href":"https:\/\/haushelden-service.de\/index.php\/wp-json\/wp\/v2\/pages"}],"about":[{"href":"https:\/\/haushelden-service.de\/index.php\/wp-json\/wp\/v2\/types\/page"}],"author":[{"embeddable":true,"href":"https:\/\/haushelden-service.de\/index.php\/wp-json\/wp\/v2\/users\/1"}],"replies":[{"embeddable":true,"href":"https:\/\/haushelden-service.de\/index.php\/wp-json\/wp\/v2\/comments?post=326"}],"version-history":[{"count":15,"href":"https:\/\/haushelden-service.de\/index.php\/wp-json\/wp\/v2\/pages\/326\/revisions"}],"predecessor-version":[{"id":732,"href":"https:\/\/haushelden-service.de\/index.php\/wp-json\/wp\/v2\/pages\/326\/revisions\/732"}],"wp:attachment":[{"href":"https:\/\/haushelden-service.de\/index.php\/wp-json\/wp\/v2\/media?parent=326"}],"curies":[{"name":"wp","href":"https:\/\/api.w.org\/{rel}","templated":true}]}}