{"id":328,"date":"2024-01-08T20:33:24","date_gmt":"2024-01-08T19:33:24","guid":{"rendered":"https:\/\/www.elmstreet79.de\/index.php\/about-page\/"},"modified":"2024-01-22T15:45:02","modified_gmt":"2024-01-22T14:45:02","slug":"about-page","status":"publish","type":"page","link":"https:\/\/haushelden-service.de\/index.php\/about-page\/","title":{"rendered":"Impressum"},"content":{"rendered":"\n<div class=\"wp-block-group alignfull has-raft-fg-alt-color has-raft-bg-inv-background-color has-text-color has-background has-link-color wp-elements-4efc61cbd3d937937c9d88587253638e is-layout-constrained wp-container-core-group-is-layout-c2b63da3 wp-block-group-is-layout-constrained\" style=\"margin-top:0px;margin-bottom:0px;padding-top:var(--wp--preset--spacing--80);padding-right:var(--wp--preset--spacing--40);padding-bottom:var(--wp--preset--spacing--80);padding-left:var(--wp--preset--spacing--40)\">\n<div class=\"wp-block-group is-layout-constrained wp-container-core-group-is-layout-a099c240 wp-block-group-is-layout-constrained\">\n<h1 class=\"wp-block-heading has-text-align-left has-text-color has-link-color wp-elements-44c5dbe5e075590cd04ae649b721187f\" style=\"color:#b32c25\">IMPRESSUM<\/h1>\n\n\n\n<h2 class=\"wp-block-heading has-text-align-left\"><strong>Angaben gem\u00e4\u00df \u00a7 5 TMG<\/strong><\/h2>\n\n\n\n<p>Haushelden-Service<br>Schulstra\u00dfe 53<br>40764 Langenfeld<br><br>Telefon: <a href=\"tel:+49 (0) 152 \/ 22 95 41 61\">+49 (0) 152 \/ 22 95 41 61<\/a><br>Email: <a href=\"mailto:info@haushelden-service.de\">info@haushelden-service.de<\/a><\/p>\n\n\n\n<p>Umsatzsteuer-Identifikationsnummer gem. \u00a7 27 a Umsatzsteuergesetz:<br>135\/5137\/4190<\/p>\n\n\n\n<h2 class=\"wp-block-heading has-text-align-left\"><strong>Kontakt<\/strong><\/h2>\n\n\n\n<p>Telefon: +49 (0) 152 \/ 22 95 41 61<br>Email: info@haushelden-service.de<\/p>\n\n\n\n<h2 class=\"wp-block-heading has-text-align-left\">Verantwortlicher gem\u00e4\u00df \u00a7 55 Abs. 2 RStV<\/h2>\n\n\n\n<p>\u00dcmit Kaya<br>Schulstra\u00dfe 53<br>40764 Langenfeld<\/p>\n\n\n\n<h2 class=\"wp-block-heading has-text-align-left\" style=\"font-size:29px\"><strong>Haftungsausschluss\/\u201cDisclaimer\u201c<\/strong><\/h2>\n\n\n\n<h4 class=\"wp-block-heading\">Haftung f\u00fcr Inhalte<\/h4>\n\n\n\n<p>Als Diensteanbieter sind wir gem\u00e4\u00df \u00a7 7 Abs.1 TMG f\u00fcr eigene Inhalte auf diesen Seiten nach den allgemeinen Gesetzen verantwortlich. Nach \u00a7\u00a7 8 bis 10 TMG sind wir als Diensteanbieter jedoch nicht verpflichtet, \u00fcbermittelte oder gespeicherte fremde Informationen zu \u00fcberwachen oder nach Umst\u00e4nden zu forschen, die auf eine rechtswidrige T\u00e4tigkeit hinweisen. Verpflichtungen zur Entfernung oder Sperrung der Nutzung von Informationen nach den allgemeinen Gesetzen bleiben hiervon unber\u00fchrt. Eine diesbez\u00fcgliche Haftung ist jedoch erst ab dem Zeitpunkt der Kenntnis einer konkreten Rechtsverletzung m\u00f6glich. Bei Bekanntwerden von entsprechenden Rechtsverletzungen werden wir diese Inhalte umgehend entfernen.<\/p>\n\n\n\n<h4 class=\"wp-block-heading\">Haftung f\u00fcr Links<\/h4>\n\n\n\n<p>Unser Angebot enth\u00e4lt Links zu externen Webseiten Dritter, auf deren Inhalte wir keinen Einfluss haben. Deshalb k\u00f6nnen wir f\u00fcr diese fremden Inhalte auch keine Gew\u00e4hr \u00fcbernehmen. F\u00fcr die Inhalte der verlinkten Seiten ist stets der jeweilige Anbieter oder Betreiber der Seiten verantwortlich. Die verlinkten Seiten wurden zum Zeitpunkt der Verlinkung auf m\u00f6gliche Rechtsverst\u00f6\u00dfe \u00fcberpr\u00fcft. Rechtswidrige Inhalte waren zum Zeitpunkt der Verlinkung nicht erkennbar. Eine permanente inhaltliche Kontrolle der verlinkten Seiten ist jedoch ohne konkrete Anhaltspunkte einer Rechtsverletzung nicht zumutbar. Bei Bekanntwerden von Rechtsverletzungen werden wir derartige Links umgehend entfernen.<\/p>\n\n\n\n<h4 class=\"wp-block-heading\">Urheberrecht<\/h4>\n\n\n\n<p>Die durch die Seitenbetreiber erstellten Inhalte und Werke auf diesen Seiten unterliegen dem deutschen Urheberrecht. Die Vervielf\u00e4ltigung, Bearbeitung, Verbreitung und jede Art der Verwertung au\u00dferhalb der Grenzen des Urheberrechtes bed\u00fcrfen der schriftlichen Zustimmung des jeweiligen Autors bzw. Erstellers. Downloads und Kopien dieser Seite sind nur f\u00fcr den privaten, nicht kommerziellen Gebrauch gestattet. Soweit die Inhalte auf dieser Seite nicht vom Betreiber erstellt wurden, werden die Urheberrechte Dritter beachtet. Insbesondere werden Inhalte Dritter als solche gekennzeichnet. Sollten Sie trotzdem auf eine Urheberrechtsverletzung aufmerksam werden, bitten wir um einen entsprechenden Hinweis. Bei Bekanntwerden von Rechtsverletzungen werden wir derartige Inhalte umgehend entfernen.<\/p>\n\n\n\n<h4 class=\"wp-block-heading\">Au\u00dfergerichtliche Streitbeilegung<\/h4>\n\n\n\n<p>Die EU-Kommission stellt unter dem Link https:\/\/ec.europa.eu\/odr eine Online-Plattform zur Streitbeilegung (&#8222;OS-Plattform&#8220;) zur Verf\u00fcgung.<\/p>\n<\/div>\n<\/div>\n","protected":false},"excerpt":{"rendered":"<p>IMPRESSUM Angaben gem\u00e4\u00df \u00a7 5 TMG Haushelden-ServiceSchulstra\u00dfe 5340764 Langenfeld Telefon: +49 (0) 152 \/ 22 95 41 61Email: info@haushelden-service.de Umsatzsteuer-Identifikationsnummer gem. \u00a7 27 a Umsatzsteuergesetz:135\/5137\/4190 Kontakt Telefon: +49 (0) 152 \/ 22 95 41 61Email: info@haushelden-service.de Verantwortlicher gem\u00e4\u00df \u00a7 55 Abs. 2 RStV \u00dcmit KayaSchulstra\u00dfe 5340764 Langenfeld Haftungsausschluss\/\u201cDisclaimer\u201c Haftung f\u00fcr Inhalte Als Diensteanbieter sind wir [&hellip;]<\/p>\n","protected":false},"author":1,"featured_media":0,"parent":0,"menu_order":4,"comment_status":"closed","ping_status":"closed","template":"template-plain","meta":{"_themeisle_gutenberg_block_has_review":false,"footnotes":""},"class_list":["post-328","page","type-page","status-publish","hentry"],"yoast_head":"<!-- This site is optimized with the Yoast SEO plugin v27.6 - https:\/\/yoast.com\/product\/yoast-seo-wordpress\/ -->\n<title>Impressum - Haushelden-Service<\/title>\n<meta name=\"description\" content=\"Erfahren Sie mehr \u00fcber Haushelden-Service auf unserer \u00dcber-uns-Seite. Als Ihr verl\u00e4sslicher Partner f\u00fcr Umzug, Entr\u00fcmpelung und Haushaltsaufl\u00f6sung stellen wir uns vor und erl\u00e4utern, wie wir Ihnen bei Ihren individuellen Anforderungen professionell zur Seite stehen. Entdecken Sie unsere Geschichte und die Werte, die uns antreiben.\" \/>\n<meta name=\"robots\" content=\"index, follow, max-snippet:-1, max-image-preview:large, max-video-preview:-1\" \/>\n<link rel=\"canonical\" href=\"https:\/\/haushelden-service.de\/index.php\/about-page\/\" \/>\n<meta property=\"og:locale\" content=\"de_DE\" \/>\n<meta property=\"og:type\" content=\"article\" \/>\n<meta property=\"og:title\" content=\"Impressum - Haushelden-Service\" \/>\n<meta property=\"og:description\" content=\"Erfahren Sie mehr \u00fcber Haushelden-Service auf unserer \u00dcber-uns-Seite. Als Ihr verl\u00e4sslicher Partner f\u00fcr Umzug, Entr\u00fcmpelung und Haushaltsaufl\u00f6sung stellen wir uns vor und erl\u00e4utern, wie wir Ihnen bei Ihren individuellen Anforderungen professionell zur Seite stehen. Entdecken Sie unsere Geschichte und die Werte, die uns antreiben.\" \/>\n<meta property=\"og:url\" content=\"https:\/\/haushelden-service.de\/index.php\/about-page\/\" \/>\n<meta property=\"og:site_name\" content=\"Haushelden-Service\" \/>\n<meta property=\"article:modified_time\" content=\"2024-01-22T14:45:02+00:00\" \/>\n<meta name=\"twitter:card\" content=\"summary_large_image\" \/>\n<meta name=\"twitter:label1\" content=\"Gesch\u00e4tzte Lesezeit\" \/>\n\t<meta name=\"twitter:data1\" content=\"3\u00a0Minuten\" \/>\n<script type=\"application\/ld+json\" class=\"yoast-schema-graph\">{\"@context\":\"https:\\\/\\\/schema.org\",\"@graph\":[{\"@type\":\"WebPage\",\"@id\":\"https:\\\/\\\/haushelden-service.de\\\/index.php\\\/about-page\\\/\",\"url\":\"https:\\\/\\\/haushelden-service.de\\\/index.php\\\/about-page\\\/\",\"name\":\"Impressum - Haushelden-Service\",\"isPartOf\":{\"@id\":\"https:\\\/\\\/haushelden-service.de\\\/#website\"},\"datePublished\":\"2024-01-08T19:33:24+00:00\",\"dateModified\":\"2024-01-22T14:45:02+00:00\",\"description\":\"Erfahren Sie mehr \u00fcber Haushelden-Service auf unserer \u00dcber-uns-Seite. Als Ihr verl\u00e4sslicher Partner f\u00fcr Umzug, Entr\u00fcmpelung und Haushaltsaufl\u00f6sung stellen wir uns vor und erl\u00e4utern, wie wir Ihnen bei Ihren individuellen Anforderungen professionell zur Seite stehen. Entdecken Sie unsere Geschichte und die Werte, die uns antreiben.\",\"breadcrumb\":{\"@id\":\"https:\\\/\\\/haushelden-service.de\\\/index.php\\\/about-page\\\/#breadcrumb\"},\"inLanguage\":\"de\",\"potentialAction\":[{\"@type\":\"ReadAction\",\"target\":[\"https:\\\/\\\/haushelden-service.de\\\/index.php\\\/about-page\\\/\"]}]},{\"@type\":\"BreadcrumbList\",\"@id\":\"https:\\\/\\\/haushelden-service.de\\\/index.php\\\/about-page\\\/#breadcrumb\",\"itemListElement\":[{\"@type\":\"ListItem\",\"position\":1,\"name\":\"Startseite\",\"item\":\"https:\\\/\\\/haushelden-service.de\\\/\"},{\"@type\":\"ListItem\",\"position\":2,\"name\":\"Impressum\"}]},{\"@type\":\"WebSite\",\"@id\":\"https:\\\/\\\/haushelden-service.de\\\/#website\",\"url\":\"https:\\\/\\\/haushelden-service.de\\\/\",\"name\":\"Haushelden-Service\",\"description\":\"Ihr kompetenter Partner f\u00fcr alles rund ums Haus\",\"publisher\":{\"@id\":\"https:\\\/\\\/haushelden-service.de\\\/#organization\"},\"potentialAction\":[{\"@type\":\"SearchAction\",\"target\":{\"@type\":\"EntryPoint\",\"urlTemplate\":\"https:\\\/\\\/haushelden-service.de\\\/?s={search_term_string}\"},\"query-input\":{\"@type\":\"PropertyValueSpecification\",\"valueRequired\":true,\"valueName\":\"search_term_string\"}}],\"inLanguage\":\"de\"},{\"@type\":\"Organization\",\"@id\":\"https:\\\/\\\/haushelden-service.de\\\/#organization\",\"name\":\"Haushelden-Service\",\"url\":\"https:\\\/\\\/haushelden-service.de\\\/\",\"logo\":{\"@type\":\"ImageObject\",\"inLanguage\":\"de\",\"@id\":\"https:\\\/\\\/haushelden-service.de\\\/#\\\/schema\\\/logo\\\/image\\\/\",\"url\":\"https:\\\/\\\/haushelden-service.de\\\/wp-content\\\/uploads\\\/2024\\\/01\\\/01_Haushelden_logo_FINAL_2024.png\",\"contentUrl\":\"https:\\\/\\\/haushelden-service.de\\\/wp-content\\\/uploads\\\/2024\\\/01\\\/01_Haushelden_logo_FINAL_2024.png\",\"width\":2210,\"height\":1212,\"caption\":\"Haushelden-Service\"},\"image\":{\"@id\":\"https:\\\/\\\/haushelden-service.de\\\/#\\\/schema\\\/logo\\\/image\\\/\"},\"sameAs\":[\"https:\\\/\\\/www.instagram.com\\\/haushelden_service\\\/\"]}]}<\/script>\n<!-- \/ Yoast SEO plugin. -->","yoast_head_json":{"title":"Impressum - Haushelden-Service","description":"Erfahren Sie mehr \u00fcber Haushelden-Service auf unserer \u00dcber-uns-Seite. Als Ihr verl\u00e4sslicher Partner f\u00fcr Umzug, Entr\u00fcmpelung und Haushaltsaufl\u00f6sung stellen wir uns vor und erl\u00e4utern, wie wir Ihnen bei Ihren individuellen Anforderungen professionell zur Seite stehen. Entdecken Sie unsere Geschichte und die Werte, die uns antreiben.","robots":{"index":"index","follow":"follow","max-snippet":"max-snippet:-1","max-image-preview":"max-image-preview:large","max-video-preview":"max-video-preview:-1"},"canonical":"https:\/\/haushelden-service.de\/index.php\/about-page\/","og_locale":"de_DE","og_type":"article","og_title":"Impressum - Haushelden-Service","og_description":"Erfahren Sie mehr \u00fcber Haushelden-Service auf unserer \u00dcber-uns-Seite. Als Ihr verl\u00e4sslicher Partner f\u00fcr Umzug, Entr\u00fcmpelung und Haushaltsaufl\u00f6sung stellen wir uns vor und erl\u00e4utern, wie wir Ihnen bei Ihren individuellen Anforderungen professionell zur Seite stehen. Entdecken Sie unsere Geschichte und die Werte, die uns antreiben.","og_url":"https:\/\/haushelden-service.de\/index.php\/about-page\/","og_site_name":"Haushelden-Service","article_modified_time":"2024-01-22T14:45:02+00:00","twitter_card":"summary_large_image","twitter_misc":{"Gesch\u00e4tzte Lesezeit":"3\u00a0Minuten"},"schema":{"@context":"https:\/\/schema.org","@graph":[{"@type":"WebPage","@id":"https:\/\/haushelden-service.de\/index.php\/about-page\/","url":"https:\/\/haushelden-service.de\/index.php\/about-page\/","name":"Impressum - Haushelden-Service","isPartOf":{"@id":"https:\/\/haushelden-service.de\/#website"},"datePublished":"2024-01-08T19:33:24+00:00","dateModified":"2024-01-22T14:45:02+00:00","description":"Erfahren Sie mehr \u00fcber Haushelden-Service auf unserer \u00dcber-uns-Seite. Als Ihr verl\u00e4sslicher Partner f\u00fcr Umzug, Entr\u00fcmpelung und Haushaltsaufl\u00f6sung stellen wir uns vor und erl\u00e4utern, wie wir Ihnen bei Ihren individuellen Anforderungen professionell zur Seite stehen. Entdecken Sie unsere Geschichte und die Werte, die uns antreiben.","breadcrumb":{"@id":"https:\/\/haushelden-service.de\/index.php\/about-page\/#breadcrumb"},"inLanguage":"de","potentialAction":[{"@type":"ReadAction","target":["https:\/\/haushelden-service.de\/index.php\/about-page\/"]}]},{"@type":"BreadcrumbList","@id":"https:\/\/haushelden-service.de\/index.php\/about-page\/#breadcrumb","itemListElement":[{"@type":"ListItem","position":1,"name":"Startseite","item":"https:\/\/haushelden-service.de\/"},{"@type":"ListItem","position":2,"name":"Impressum"}]},{"@type":"WebSite","@id":"https:\/\/haushelden-service.de\/#website","url":"https:\/\/haushelden-service.de\/","name":"Haushelden-Service","description":"Ihr kompetenter Partner f\u00fcr alles rund ums Haus","publisher":{"@id":"https:\/\/haushelden-service.de\/#organization"},"potentialAction":[{"@type":"SearchAction","target":{"@type":"EntryPoint","urlTemplate":"https:\/\/haushelden-service.de\/?s={search_term_string}"},"query-input":{"@type":"PropertyValueSpecification","valueRequired":true,"valueName":"search_term_string"}}],"inLanguage":"de"},{"@type":"Organization","@id":"https:\/\/haushelden-service.de\/#organization","name":"Haushelden-Service","url":"https:\/\/haushelden-service.de\/","logo":{"@type":"ImageObject","inLanguage":"de","@id":"https:\/\/haushelden-service.de\/#\/schema\/logo\/image\/","url":"https:\/\/haushelden-service.de\/wp-content\/uploads\/2024\/01\/01_Haushelden_logo_FINAL_2024.png","contentUrl":"https:\/\/haushelden-service.de\/wp-content\/uploads\/2024\/01\/01_Haushelden_logo_FINAL_2024.png","width":2210,"height":1212,"caption":"Haushelden-Service"},"image":{"@id":"https:\/\/haushelden-service.de\/#\/schema\/logo\/image\/"},"sameAs":["https:\/\/www.instagram.com\/haushelden_service\/"]}]}},"_links":{"self":[{"href":"https:\/\/haushelden-service.de\/index.php\/wp-json\/wp\/v2\/pages\/328","targetHints":{"allow":["GET"]}}],"collection":[{"href":"https:\/\/haushelden-service.de\/index.php\/wp-json\/wp\/v2\/pages"}],"about":[{"href":"https:\/\/haushelden-service.de\/index.php\/wp-json\/wp\/v2\/types\/page"}],"author":[{"embeddable":true,"href":"https:\/\/haushelden-service.de\/index.php\/wp-json\/wp\/v2\/users\/1"}],"replies":[{"embeddable":true,"href":"https:\/\/haushelden-service.de\/index.php\/wp-json\/wp\/v2\/comments?post=328"}],"version-history":[{"count":11,"href":"https:\/\/haushelden-service.de\/index.php\/wp-json\/wp\/v2\/pages\/328\/revisions"}],"predecessor-version":[{"id":669,"href":"https:\/\/haushelden-service.de\/index.php\/wp-json\/wp\/v2\/pages\/328\/revisions\/669"}],"wp:attachment":[{"href":"https:\/\/haushelden-service.de\/index.php\/wp-json\/wp\/v2\/media?parent=328"}],"curies":[{"name":"wp","href":"https:\/\/api.w.org\/{rel}","templated":true}]}}