{"id":329,"date":"2024-01-08T20:33:24","date_gmt":"2024-01-08T19:33:24","guid":{"rendered":"https:\/\/www.elmstreet79.de\/index.php\/services-page\/"},"modified":"2024-01-22T15:25:14","modified_gmt":"2024-01-22T14:25:14","slug":"services-page","status":"publish","type":"page","link":"https:\/\/haushelden-service.de\/index.php\/services-page\/","title":{"rendered":"UNSER ANGEBOT F\u00dcR SIE IM \u00dcBERBLICK"},"content":{"rendered":"\n<div class=\"wp-block-group alignfull is-layout-flow wp-container-core-group-is-layout-10d01144 wp-block-group-is-layout-flow\" style=\"margin-top:0px;margin-bottom:0px;padding-top:0px;padding-right:0px;padding-bottom:0px;padding-left:0px\">\n<div class=\"wp-block-columns is-layout-flex wp-container-core-columns-is-layout-d2ca7aa4 wp-block-columns-is-layout-flex\">\n<div class=\"wp-block-column is-layout-flow wp-block-column-is-layout-flow\" style=\"padding-top:32px;padding-right:32px;padding-bottom:32px;padding-left:32px\">\n<div class=\"wp-block-group is-layout-constrained wp-container-core-group-is-layout-6d6486c8 wp-block-group-is-layout-constrained\">\n<p><\/p>\n\n\n\n<h2 class=\"wp-block-heading has-text-align-left has-text-color has-link-color wp-elements-05202cb2ded74f2cdb5103e6f6702760\" style=\"color:#b0100b\"><strong>WOHNUNGS\u00adAUFL\u00d6SUNG<\/strong><\/h2>\n\n\n\n<div class=\"wp-block-group is-vertical is-layout-flex wp-container-core-group-is-layout-fe9cc265 wp-block-group-is-layout-flex\">\n<p class=\"has-normal-font-size\">Die meisten Menschen kommen irgendwann an einen Punkt, an dem es notwendig wird, Hilfe bei der Aufl\u00f6sung einer Wohnung in Anspruch zu nehmen, wenn Zeit und die eigenen Kapazit\u00e4ten nicht ausreichen. Wir sind f\u00fcr Sie da, wenn diese Hilfe ben\u00f6tigt wird. Sprechen Sie uns  gerne an, um einen unverbindlichen und kostenlosen Termin zu vereinbaren!<\/p>\n<\/div>\n\n\n\n<div class=\"wp-block-buttons is-layout-flex wp-block-buttons-is-layout-flex\">\n<div class=\"wp-block-button has-custom-width wp-block-button__width-100 is-style-primary is-style-fill\"><a class=\"wp-block-button__link has-background wp-element-button\" href=\"https:\/\/haushelden-service.de\/index.php\/services-page\/professionelle-wohnungsaufloesung-und-umzugsservices-in-langenfeld-hilden-koeln-neuss-duesseldorf-und-umgebung\/\" style=\"background-color:#b0100b\">Jetzt mehr erfahren<\/a><\/div>\n<\/div>\n<\/div>\n<\/div>\n\n\n\n<div class=\"wp-block-column is-vertically-aligned-center has-raft-bg-alt-background-color has-background is-layout-flow wp-block-column-is-layout-flow\" style=\"padding-top:32px;padding-right:32px;padding-bottom:32px;padding-left:32px\">\n<figure class=\"wp-block-image aligncenter size-full\"><img loading=\"lazy\" decoding=\"async\" width=\"368\" height=\"372\" src=\"https:\/\/haushelden-service.de\/wp-content\/uploads\/2024\/01\/haus.png\" alt=\"Bild f\u00fcr Wohnungsaufl\u00f6sung\" class=\"wp-image-539\" srcset=\"https:\/\/haushelden-service.de\/wp-content\/uploads\/2024\/01\/haus.png 368w, https:\/\/haushelden-service.de\/wp-content\/uploads\/2024\/01\/haus-297x300.png 297w\" sizes=\"auto, (max-width: 368px) 100vw, 368px\" \/><\/figure>\n<\/div>\n<\/div>\n\n\n\n<div class=\"wp-block-columns are-vertically-aligned-center is-layout-flex wp-container-core-columns-is-layout-d2ca7aa4 wp-block-columns-is-layout-flex\">\n<div class=\"wp-block-column is-vertically-aligned-center has-raft-bg-alt-background-color has-background is-layout-flow wp-block-column-is-layout-flow\" style=\"padding-top:32px;padding-right:32px;padding-bottom:32px;padding-left:32px\">\n<figure class=\"wp-block-image aligncenter size-full\"><img loading=\"lazy\" decoding=\"async\" width=\"368\" height=\"372\" src=\"https:\/\/haushelden-service.de\/wp-content\/uploads\/2024\/01\/rolle.png\" alt=\"Bild f\u00fcr Renovierungsarbeiten\" class=\"wp-image-541\" srcset=\"https:\/\/haushelden-service.de\/wp-content\/uploads\/2024\/01\/rolle.png 368w, https:\/\/haushelden-service.de\/wp-content\/uploads\/2024\/01\/rolle-297x300.png 297w\" sizes=\"auto, (max-width: 368px) 100vw, 368px\" \/><\/figure>\n<\/div>\n\n\n\n<div class=\"wp-block-column is-vertically-aligned-center is-layout-flow wp-block-column-is-layout-flow\" style=\"padding-top:32px;padding-right:32px;padding-bottom:32px;padding-left:32px\">\n<div class=\"wp-block-group is-layout-constrained wp-container-core-group-is-layout-6d6486c8 wp-block-group-is-layout-constrained\">\n<h2 class=\"wp-block-heading has-text-color has-link-color wp-elements-3f15091495a8b48f6765bf7060a2dc4a\" style=\"color:#b0100b\"><strong>RENOVIERUNGS\u00adARBEITEN<\/strong><\/h2>\n\n\n\n<p>Sie sind auf der Suche nach professioneller Unterst\u00fctzung f\u00fcr Ihr <br>Renovierungsprojekt? Ob Anstricharbeiten, Tapezieren, B\u00f6den <br>verlegen oder die grundlegende Aufarbeitung oder Erneuerung Ihrer <br>R\u00e4ume im Gesamtpaket &#8211; fragen Sie uns jederzeit gerne an f\u00fcr Ihr individuelles und unverbindliches Angebot!<\/p>\n\n\n\n<div class=\"wp-block-buttons is-layout-flex wp-block-buttons-is-layout-flex\">\n<div class=\"wp-block-button has-custom-width wp-block-button__width-100 is-style-primary\"><a class=\"wp-block-button__link has-background wp-element-button\" href=\"https:\/\/haushelden-service.de\/index.php\/services-page\/professionelle-renovierungsarbeiten-und-bauarbeiten-in-koeln-duesseldorf-und-umgebung\/\" style=\"background-color:#b0100b\"><strong>Jetzt mehr erfahren<\/strong><\/a><\/div>\n<\/div>\n<\/div>\n<\/div>\n<\/div>\n<\/div>\n\n\n\n<div class=\"wp-block-group alignfull is-layout-flow wp-container-core-group-is-layout-10d01144 wp-block-group-is-layout-flow\" style=\"margin-top:0px;margin-bottom:0px;padding-top:0px;padding-right:0px;padding-bottom:0px;padding-left:0px\">\n<div class=\"wp-block-columns are-vertically-aligned-center is-layout-flex wp-container-core-columns-is-layout-d2ca7aa4 wp-block-columns-is-layout-flex\">\n<div class=\"wp-block-column is-vertically-aligned-center is-layout-flow wp-block-column-is-layout-flow\" style=\"padding-top:32px;padding-right:32px;padding-bottom:32px;padding-left:32px\">\n<div class=\"wp-block-group is-layout-constrained wp-container-core-group-is-layout-6d6486c8 wp-block-group-is-layout-constrained\">\n<h2 class=\"wp-block-heading has-text-color has-link-color wp-elements-d31e700a139d5140cbfd765cf0862b81\" style=\"color:#b0100b\"><strong>UMZUGSHILFE F\u00dcR SENIOREN<\/strong><\/h2>\n\n\n\n<p>Ein Angeh\u00f6riger oder Sie selbst bewohnen eine Wohnung oder <br>ein Zimmer in einem Seniorenheim oder m\u00f6chten in eines umziehen? <br>Sie brauchen Hilfe beim anstehenden Umzug und m\u00fcssen sich <br>dabei ggf. verkleinern? Dabei helfen wir gerne und machen Ihnen <br>auf Anfrage ein Angebot!<\/p>\n\n\n\n<div class=\"wp-block-buttons is-layout-flex wp-block-buttons-is-layout-flex\">\n<div class=\"wp-block-button has-custom-width wp-block-button__width-100 is-style-primary\"><a class=\"wp-block-button__link has-background wp-element-button\" href=\"https:\/\/haushelden-service.de\/index.php\/services-page\/ruecksichtsvolle-umzugshilfe-fuer-senioren-in-koeln-und-umgebung-ihr-partner-fuer-einfuehlsame-seniorenumzuege\/\" style=\"background-color:#b0100b\"><strong>Jetzt mehr erfahren<\/strong><\/a><\/div>\n<\/div>\n<\/div>\n<\/div>\n\n\n\n<div class=\"wp-block-column is-vertically-aligned-center has-raft-bg-alt-background-color has-background is-layout-flow wp-block-column-is-layout-flow\" style=\"padding-top:32px;padding-right:32px;padding-bottom:32px;padding-left:32px\">\n<figure class=\"wp-block-image aligncenter size-full\"><img loading=\"lazy\" decoding=\"async\" width=\"368\" height=\"372\" src=\"https:\/\/haushelden-service.de\/wp-content\/uploads\/2024\/01\/rentner.png\" alt=\"Bild f\u00fcr Umzugshilfe f\u00fcr Senioren\" class=\"wp-image-540\" srcset=\"https:\/\/haushelden-service.de\/wp-content\/uploads\/2024\/01\/rentner.png 368w, https:\/\/haushelden-service.de\/wp-content\/uploads\/2024\/01\/rentner-297x300.png 297w\" sizes=\"auto, (max-width: 368px) 100vw, 368px\" \/><\/figure>\n<\/div>\n<\/div>\n\n\n\n<div class=\"wp-block-columns are-vertically-aligned-center is-layout-flex wp-container-core-columns-is-layout-d2ca7aa4 wp-block-columns-is-layout-flex\">\n<div class=\"wp-block-column is-vertically-aligned-center has-raft-bg-alt-background-color has-background is-layout-flow wp-block-column-is-layout-flow\" style=\"padding-top:32px;padding-right:32px;padding-bottom:32px;padding-left:32px\">\n<figure class=\"wp-block-image aligncenter size-full\"><img loading=\"lazy\" decoding=\"async\" width=\"368\" height=\"372\" src=\"https:\/\/haushelden-service.de\/wp-content\/uploads\/2024\/01\/tonne.png\" alt=\"Bild f\u00fcr Entsorgung\" class=\"wp-image-542\" srcset=\"https:\/\/haushelden-service.de\/wp-content\/uploads\/2024\/01\/tonne.png 368w, https:\/\/haushelden-service.de\/wp-content\/uploads\/2024\/01\/tonne-297x300.png 297w\" sizes=\"auto, (max-width: 368px) 100vw, 368px\" \/><\/figure>\n<\/div>\n\n\n\n<div class=\"wp-block-column is-vertically-aligned-center is-layout-flow wp-block-column-is-layout-flow\" style=\"padding-top:32px;padding-right:32px;padding-bottom:32px;padding-left:32px\">\n<div class=\"wp-block-group is-layout-constrained wp-container-core-group-is-layout-6d6486c8 wp-block-group-is-layout-constrained\">\n<h2 class=\"wp-block-heading has-text-color has-link-color wp-elements-772cea36f155c50005b68b799b0512dd\" style=\"color:#b0100b\">ENTSORGUNG<\/h2>\n\n\n\n<p>Sie haben M\u00f6belst\u00fccke, Garten-Garnituren, Kellerinhalte oder <br>\u00c4hnliches, das Sie gerne fachgerecht entsorgen lassen w\u00fcrden? <br>Dann schreiben Sie uns f\u00fcr ein Angebot und Besichtigung!<\/p>\n\n\n\n<div class=\"wp-block-buttons is-layout-flex wp-block-buttons-is-layout-flex\">\n<div class=\"wp-block-button has-custom-width wp-block-button__width-100 is-style-primary\"><a class=\"wp-block-button__link has-background wp-element-button\" href=\"https:\/\/haushelden-service.de\/index.php\/services-page\/umweltgerechte-entsorgungsdienstleistungen-in-koeln-und-umgebung-ihr-partner-fuer-nachhaltige-abfallentsorgung\/\" style=\"background-color:#b0100b\"><strong>Jetzt mehr erfahren<\/strong><\/a><\/div>\n<\/div>\n<\/div>\n<\/div>\n<\/div>\n<\/div>\n\n\n\n<div class=\"wp-block-group alignfull is-layout-flow wp-container-core-group-is-layout-10d01144 wp-block-group-is-layout-flow\" style=\"margin-top:0px;margin-bottom:0px;padding-top:0px;padding-right:0px;padding-bottom:0px;padding-left:0px\">\n<div class=\"wp-block-columns are-vertically-aligned-center is-layout-flex wp-container-core-columns-is-layout-d2ca7aa4 wp-block-columns-is-layout-flex\">\n<div class=\"wp-block-column is-vertically-aligned-center is-layout-flow wp-block-column-is-layout-flow\" style=\"padding-top:32px;padding-right:32px;padding-bottom:32px;padding-left:32px\">\n<div class=\"wp-block-group is-layout-constrained wp-container-core-group-is-layout-6d6486c8 wp-block-group-is-layout-constrained\">\n<h2 class=\"wp-block-heading has-text-color has-link-color wp-elements-3fea698454b59825782c4563451378a5\" style=\"color:#b0100b\">HAUS-SERVICE<\/h2>\n\n\n\n<p>Sie m\u00f6chten im Haus\/der Wohnung etwas erneuern, ausbessern oder tauschen? Dann fragen Sie uns auch hier gerne jederzeit an!<\/p>\n\n\n\n<div class=\"wp-block-buttons is-layout-flex wp-block-buttons-is-layout-flex\">\n<div class=\"wp-block-button has-custom-width wp-block-button__width-100 is-style-primary\"><a class=\"wp-block-button__link has-background wp-element-button\" href=\"https:\/\/haushelden-service.de\/index.php\/services-page\/haus-service-in-koeln-und-umgebung-professionelle-immobilienpflege-und-gebaeudeservice\/\" style=\"background-color:#b32c25\"><strong>Jetzt mehr erfahren<\/strong><\/a><\/div>\n<\/div>\n<\/div>\n<\/div>\n\n\n\n<div class=\"wp-block-column is-vertically-aligned-center has-raft-bg-alt-background-color has-background is-layout-flow wp-block-column-is-layout-flow\" style=\"padding-top:32px;padding-right:32px;padding-bottom:32px;padding-left:32px\">\n<figure class=\"wp-block-image aligncenter size-full\"><img loading=\"lazy\" decoding=\"async\" width=\"368\" height=\"372\" src=\"https:\/\/haushelden-service.de\/wp-content\/uploads\/2024\/01\/hammer.png\" alt=\"Bild f\u00fcr Haus-Service\" class=\"wp-image-538\" srcset=\"https:\/\/haushelden-service.de\/wp-content\/uploads\/2024\/01\/hammer.png 368w, https:\/\/haushelden-service.de\/wp-content\/uploads\/2024\/01\/hammer-297x300.png 297w\" sizes=\"auto, (max-width: 368px) 100vw, 368px\" \/><\/figure>\n<\/div>\n<\/div>\n<\/div>\n\n\n\n<div class=\"wp-block-group alignfull has-raft-fg-alt-color has-text-color has-background has-link-color wp-elements-0bd9832c0786ae8d23bfffcfd166bdbd is-layout-constrained wp-container-core-group-is-layout-87092498 wp-block-group-is-layout-constrained\" style=\"background-color:#b0100b;margin-top:0;margin-bottom:0;padding-top:var(--wp--preset--spacing--80);padding-right:var(--wp--preset--spacing--40);padding-bottom:var(--wp--preset--spacing--80);padding-left:var(--wp--preset--spacing--40)\">\n<div class=\"wp-block-group is-layout-constrained wp-container-core-group-is-layout-92b9201d wp-block-group-is-layout-constrained\">\n<p class=\"has-text-align-center has-small-font-size\" style=\"font-style:normal;font-weight:600;letter-spacing:2px;text-transform:uppercase\">HAUSHELDEN<\/p>\n\n\n\n<h2 class=\"wp-block-heading has-text-align-center has-huge-font-size\">Lieber heute als morgen, <br>schreiben Sie uns!<\/h2>\n<\/div>\n\n\n\n<div class=\"wp-block-buttons is-content-justification-center is-layout-flex wp-container-core-buttons-is-layout-a89b3969 wp-block-buttons-is-layout-flex\">\n<div class=\"wp-block-button has-custom-width wp-block-button__width-100 is-style-outline is-style-outline--1\"><a class=\"wp-block-button__link has-black-background-color has-background wp-element-button\" href=\"mailto:info@haushelden-service.de\">KLICKEN SIE JETZT F\u00dcR IHR INDIVIDUELLES ANGEBOT<\/a><\/div>\n<\/div>\n<\/div>\n","protected":false},"excerpt":{"rendered":"<p>WOHNUNGS\u00adAUFL\u00d6SUNG Die meisten Menschen kommen irgendwann an einen Punkt, an dem es notwendig wird, Hilfe bei der Aufl\u00f6sung einer Wohnung in Anspruch zu nehmen, wenn Zeit und die eigenen Kapazit\u00e4ten nicht ausreichen. Wir sind f\u00fcr Sie da, wenn diese Hilfe ben\u00f6tigt wird. Sprechen Sie uns gerne an, um einen unverbindlichen und kostenlosen Termin zu vereinbaren! [&hellip;]<\/p>\n","protected":false},"author":1,"featured_media":0,"parent":0,"menu_order":1,"comment_status":"closed","ping_status":"closed","template":"template-plain","meta":{"_themeisle_gutenberg_block_has_review":false,"footnotes":""},"class_list":["post-329","page","type-page","status-publish","hentry"],"yoast_head":"<!-- This site is optimized with the Yoast SEO plugin v27.6 - https:\/\/yoast.com\/product\/yoast-seo-wordpress\/ -->\n<title>UNSER ANGEBOT F\u00dcR SIE IM \u00dcBERBLICK - Haushelden-Service<\/title>\n<meta name=\"description\" content=\"Entdecken Sie die vielf\u00e4ltigen Dienstleistungen von Haushelden-Service auf unserer Services-Seite. Wir bieten professionelle L\u00f6sungen f\u00fcr Umz\u00fcge, Entr\u00fcmpelungen, Haushaltsaufl\u00f6sungen und mehr. Erfahren Sie, wie wir Ihnen helfen k\u00f6nnen!\" \/>\n<meta name=\"robots\" content=\"index, follow, max-snippet:-1, max-image-preview:large, max-video-preview:-1\" \/>\n<link rel=\"canonical\" href=\"https:\/\/haushelden-service.de\/index.php\/services-page\/\" \/>\n<meta property=\"og:locale\" content=\"de_DE\" \/>\n<meta property=\"og:type\" content=\"article\" \/>\n<meta property=\"og:title\" content=\"UNSER ANGEBOT F\u00dcR SIE IM \u00dcBERBLICK - Haushelden-Service\" \/>\n<meta property=\"og:description\" content=\"Entdecken Sie die vielf\u00e4ltigen Dienstleistungen von Haushelden-Service auf unserer Services-Seite. Wir bieten professionelle L\u00f6sungen f\u00fcr Umz\u00fcge, Entr\u00fcmpelungen, Haushaltsaufl\u00f6sungen und mehr. Erfahren Sie, wie wir Ihnen helfen k\u00f6nnen!\" \/>\n<meta property=\"og:url\" content=\"https:\/\/haushelden-service.de\/index.php\/services-page\/\" \/>\n<meta property=\"og:site_name\" content=\"Haushelden-Service\" \/>\n<meta property=\"article:modified_time\" content=\"2024-01-22T14:25:14+00:00\" \/>\n<meta property=\"og:image\" content=\"https:\/\/haushelden-service.de\/wp-content\/uploads\/2024\/01\/haus.png\" \/>\n<meta name=\"twitter:card\" content=\"summary_large_image\" \/>\n<meta name=\"twitter:label1\" content=\"Gesch\u00e4tzte Lesezeit\" \/>\n\t<meta name=\"twitter:data1\" content=\"3\u00a0Minuten\" \/>\n<script type=\"application\/ld+json\" class=\"yoast-schema-graph\">{\"@context\":\"https:\\\/\\\/schema.org\",\"@graph\":[{\"@type\":\"WebPage\",\"@id\":\"https:\\\/\\\/haushelden-service.de\\\/index.php\\\/services-page\\\/\",\"url\":\"https:\\\/\\\/haushelden-service.de\\\/index.php\\\/services-page\\\/\",\"name\":\"UNSER ANGEBOT F\u00dcR SIE IM \u00dcBERBLICK - Haushelden-Service\",\"isPartOf\":{\"@id\":\"https:\\\/\\\/haushelden-service.de\\\/#website\"},\"primaryImageOfPage\":{\"@id\":\"https:\\\/\\\/haushelden-service.de\\\/index.php\\\/services-page\\\/#primaryimage\"},\"image\":{\"@id\":\"https:\\\/\\\/haushelden-service.de\\\/index.php\\\/services-page\\\/#primaryimage\"},\"thumbnailUrl\":\"https:\\\/\\\/haushelden-service.de\\\/wp-content\\\/uploads\\\/2024\\\/01\\\/haus.png\",\"datePublished\":\"2024-01-08T19:33:24+00:00\",\"dateModified\":\"2024-01-22T14:25:14+00:00\",\"description\":\"Entdecken Sie die vielf\u00e4ltigen Dienstleistungen von Haushelden-Service auf unserer Services-Seite. Wir bieten professionelle L\u00f6sungen f\u00fcr Umz\u00fcge, Entr\u00fcmpelungen, Haushaltsaufl\u00f6sungen und mehr. Erfahren Sie, wie wir Ihnen helfen k\u00f6nnen!\",\"breadcrumb\":{\"@id\":\"https:\\\/\\\/haushelden-service.de\\\/index.php\\\/services-page\\\/#breadcrumb\"},\"inLanguage\":\"de\",\"potentialAction\":[{\"@type\":\"ReadAction\",\"target\":[\"https:\\\/\\\/haushelden-service.de\\\/index.php\\\/services-page\\\/\"]}]},{\"@type\":\"ImageObject\",\"inLanguage\":\"de\",\"@id\":\"https:\\\/\\\/haushelden-service.de\\\/index.php\\\/services-page\\\/#primaryimage\",\"url\":\"https:\\\/\\\/haushelden-service.de\\\/wp-content\\\/uploads\\\/2024\\\/01\\\/haus.png\",\"contentUrl\":\"https:\\\/\\\/haushelden-service.de\\\/wp-content\\\/uploads\\\/2024\\\/01\\\/haus.png\",\"width\":368,\"height\":372},{\"@type\":\"BreadcrumbList\",\"@id\":\"https:\\\/\\\/haushelden-service.de\\\/index.php\\\/services-page\\\/#breadcrumb\",\"itemListElement\":[{\"@type\":\"ListItem\",\"position\":1,\"name\":\"Startseite\",\"item\":\"https:\\\/\\\/haushelden-service.de\\\/\"},{\"@type\":\"ListItem\",\"position\":2,\"name\":\"UNSER ANGEBOT F\u00dcR SIE IM \u00dcBERBLICK\"}]},{\"@type\":\"WebSite\",\"@id\":\"https:\\\/\\\/haushelden-service.de\\\/#website\",\"url\":\"https:\\\/\\\/haushelden-service.de\\\/\",\"name\":\"Haushelden-Service\",\"description\":\"Ihr kompetenter Partner f\u00fcr alles rund ums Haus\",\"publisher\":{\"@id\":\"https:\\\/\\\/haushelden-service.de\\\/#organization\"},\"potentialAction\":[{\"@type\":\"SearchAction\",\"target\":{\"@type\":\"EntryPoint\",\"urlTemplate\":\"https:\\\/\\\/haushelden-service.de\\\/?s={search_term_string}\"},\"query-input\":{\"@type\":\"PropertyValueSpecification\",\"valueRequired\":true,\"valueName\":\"search_term_string\"}}],\"inLanguage\":\"de\"},{\"@type\":\"Organization\",\"@id\":\"https:\\\/\\\/haushelden-service.de\\\/#organization\",\"name\":\"Haushelden-Service\",\"url\":\"https:\\\/\\\/haushelden-service.de\\\/\",\"logo\":{\"@type\":\"ImageObject\",\"inLanguage\":\"de\",\"@id\":\"https:\\\/\\\/haushelden-service.de\\\/#\\\/schema\\\/logo\\\/image\\\/\",\"url\":\"https:\\\/\\\/haushelden-service.de\\\/wp-content\\\/uploads\\\/2024\\\/01\\\/01_Haushelden_logo_FINAL_2024.png\",\"contentUrl\":\"https:\\\/\\\/haushelden-service.de\\\/wp-content\\\/uploads\\\/2024\\\/01\\\/01_Haushelden_logo_FINAL_2024.png\",\"width\":2210,\"height\":1212,\"caption\":\"Haushelden-Service\"},\"image\":{\"@id\":\"https:\\\/\\\/haushelden-service.de\\\/#\\\/schema\\\/logo\\\/image\\\/\"},\"sameAs\":[\"https:\\\/\\\/www.instagram.com\\\/haushelden_service\\\/\"]}]}<\/script>\n<!-- \/ Yoast SEO plugin. -->","yoast_head_json":{"title":"UNSER ANGEBOT F\u00dcR SIE IM \u00dcBERBLICK - Haushelden-Service","description":"Entdecken Sie die vielf\u00e4ltigen Dienstleistungen von Haushelden-Service auf unserer Services-Seite. Wir bieten professionelle L\u00f6sungen f\u00fcr Umz\u00fcge, Entr\u00fcmpelungen, Haushaltsaufl\u00f6sungen und mehr. Erfahren Sie, wie wir Ihnen helfen k\u00f6nnen!","robots":{"index":"index","follow":"follow","max-snippet":"max-snippet:-1","max-image-preview":"max-image-preview:large","max-video-preview":"max-video-preview:-1"},"canonical":"https:\/\/haushelden-service.de\/index.php\/services-page\/","og_locale":"de_DE","og_type":"article","og_title":"UNSER ANGEBOT F\u00dcR SIE IM \u00dcBERBLICK - Haushelden-Service","og_description":"Entdecken Sie die vielf\u00e4ltigen Dienstleistungen von Haushelden-Service auf unserer Services-Seite. Wir bieten professionelle L\u00f6sungen f\u00fcr Umz\u00fcge, Entr\u00fcmpelungen, Haushaltsaufl\u00f6sungen und mehr. Erfahren Sie, wie wir Ihnen helfen k\u00f6nnen!","og_url":"https:\/\/haushelden-service.de\/index.php\/services-page\/","og_site_name":"Haushelden-Service","article_modified_time":"2024-01-22T14:25:14+00:00","og_image":[{"url":"https:\/\/haushelden-service.de\/wp-content\/uploads\/2024\/01\/haus.png","type":"","width":"","height":""}],"twitter_card":"summary_large_image","twitter_misc":{"Gesch\u00e4tzte Lesezeit":"3\u00a0Minuten"},"schema":{"@context":"https:\/\/schema.org","@graph":[{"@type":"WebPage","@id":"https:\/\/haushelden-service.de\/index.php\/services-page\/","url":"https:\/\/haushelden-service.de\/index.php\/services-page\/","name":"UNSER ANGEBOT F\u00dcR SIE IM \u00dcBERBLICK - Haushelden-Service","isPartOf":{"@id":"https:\/\/haushelden-service.de\/#website"},"primaryImageOfPage":{"@id":"https:\/\/haushelden-service.de\/index.php\/services-page\/#primaryimage"},"image":{"@id":"https:\/\/haushelden-service.de\/index.php\/services-page\/#primaryimage"},"thumbnailUrl":"https:\/\/haushelden-service.de\/wp-content\/uploads\/2024\/01\/haus.png","datePublished":"2024-01-08T19:33:24+00:00","dateModified":"2024-01-22T14:25:14+00:00","description":"Entdecken Sie die vielf\u00e4ltigen Dienstleistungen von Haushelden-Service auf unserer Services-Seite. Wir bieten professionelle L\u00f6sungen f\u00fcr Umz\u00fcge, Entr\u00fcmpelungen, Haushaltsaufl\u00f6sungen und mehr. Erfahren Sie, wie wir Ihnen helfen k\u00f6nnen!","breadcrumb":{"@id":"https:\/\/haushelden-service.de\/index.php\/services-page\/#breadcrumb"},"inLanguage":"de","potentialAction":[{"@type":"ReadAction","target":["https:\/\/haushelden-service.de\/index.php\/services-page\/"]}]},{"@type":"ImageObject","inLanguage":"de","@id":"https:\/\/haushelden-service.de\/index.php\/services-page\/#primaryimage","url":"https:\/\/haushelden-service.de\/wp-content\/uploads\/2024\/01\/haus.png","contentUrl":"https:\/\/haushelden-service.de\/wp-content\/uploads\/2024\/01\/haus.png","width":368,"height":372},{"@type":"BreadcrumbList","@id":"https:\/\/haushelden-service.de\/index.php\/services-page\/#breadcrumb","itemListElement":[{"@type":"ListItem","position":1,"name":"Startseite","item":"https:\/\/haushelden-service.de\/"},{"@type":"ListItem","position":2,"name":"UNSER ANGEBOT F\u00dcR SIE IM \u00dcBERBLICK"}]},{"@type":"WebSite","@id":"https:\/\/haushelden-service.de\/#website","url":"https:\/\/haushelden-service.de\/","name":"Haushelden-Service","description":"Ihr kompetenter Partner f\u00fcr alles rund ums Haus","publisher":{"@id":"https:\/\/haushelden-service.de\/#organization"},"potentialAction":[{"@type":"SearchAction","target":{"@type":"EntryPoint","urlTemplate":"https:\/\/haushelden-service.de\/?s={search_term_string}"},"query-input":{"@type":"PropertyValueSpecification","valueRequired":true,"valueName":"search_term_string"}}],"inLanguage":"de"},{"@type":"Organization","@id":"https:\/\/haushelden-service.de\/#organization","name":"Haushelden-Service","url":"https:\/\/haushelden-service.de\/","logo":{"@type":"ImageObject","inLanguage":"de","@id":"https:\/\/haushelden-service.de\/#\/schema\/logo\/image\/","url":"https:\/\/haushelden-service.de\/wp-content\/uploads\/2024\/01\/01_Haushelden_logo_FINAL_2024.png","contentUrl":"https:\/\/haushelden-service.de\/wp-content\/uploads\/2024\/01\/01_Haushelden_logo_FINAL_2024.png","width":2210,"height":1212,"caption":"Haushelden-Service"},"image":{"@id":"https:\/\/haushelden-service.de\/#\/schema\/logo\/image\/"},"sameAs":["https:\/\/www.instagram.com\/haushelden_service\/"]}]}},"_links":{"self":[{"href":"https:\/\/haushelden-service.de\/index.php\/wp-json\/wp\/v2\/pages\/329","targetHints":{"allow":["GET"]}}],"collection":[{"href":"https:\/\/haushelden-service.de\/index.php\/wp-json\/wp\/v2\/pages"}],"about":[{"href":"https:\/\/haushelden-service.de\/index.php\/wp-json\/wp\/v2\/types\/page"}],"author":[{"embeddable":true,"href":"https:\/\/haushelden-service.de\/index.php\/wp-json\/wp\/v2\/users\/1"}],"replies":[{"embeddable":true,"href":"https:\/\/haushelden-service.de\/index.php\/wp-json\/wp\/v2\/comments?post=329"}],"version-history":[{"count":51,"href":"https:\/\/haushelden-service.de\/index.php\/wp-json\/wp\/v2\/pages\/329\/revisions"}],"predecessor-version":[{"id":658,"href":"https:\/\/haushelden-service.de\/index.php\/wp-json\/wp\/v2\/pages\/329\/revisions\/658"}],"wp:attachment":[{"href":"https:\/\/haushelden-service.de\/index.php\/wp-json\/wp\/v2\/media?parent=329"}],"curies":[{"name":"wp","href":"https:\/\/api.w.org\/{rel}","templated":true}]}}