{"id":334,"date":"2024-01-08T20:46:46","date_gmt":"2024-01-08T19:46:46","guid":{"rendered":"https:\/\/www.elmstreet79.de\/?page_id=334"},"modified":"2024-01-22T16:04:26","modified_gmt":"2024-01-22T15:04:26","slug":"startseite","status":"publish","type":"page","link":"https:\/\/haushelden-service.de\/","title":{"rendered":""},"content":{"rendered":"\n<div class=\"wp-block-group alignfull is-content-justification-center is-layout-constrained wp-container-core-group-is-layout-8d4dfb42 wp-block-group-is-layout-constrained\">\n<div id=\"wp-block-themeisle-blocks-advanced-columns-2aaddad5\" class=\"wp-block-themeisle-blocks-advanced-columns has-3-columns has-desktop-oneOneTwo-layout has-tablet-equal-layout has-mobile-collapsedRows-layout has-vertical-unset\"><div class=\"wp-block-themeisle-blocks-advanced-columns-overlay\"><\/div><div class=\"innerblocks-wrap\">\n<div id=\"wp-block-themeisle-blocks-advanced-column-3d837cbd\" class=\"wp-block-themeisle-blocks-advanced-column\">\n<h2 class=\"wp-block-heading has-text-align-center has-text-color has-link-color has-medium-font-size wp-elements-a46e91212f145a56eb5522a2125abf45\" style=\"color:#b32c25\">WAS WIR BIETEN<\/h2>\n\n\n\n<h2 class=\"wp-block-heading has-text-align-center has-raft-fg-color has-text-color has-link-color has-normal-font-size wp-elements-e17dfb666a94e73c7b1f55b22bb60f5b\" style=\"font-style:normal;font-weight:400\"><br><a href=\"https:\/\/haushelden-service.de\/index.php\/services-page\/professionelle-wohnungsaufloesung-und-umzugsservices-in-langenfeld-hilden-koeln-neuss-duesseldorf-und-umgebung\/\"><img decoding=\"async\" style=\"width: 90px;\" src=\"https:\/\/haushelden-service.de\/wp-content\/uploads\/2024\/01\/haus.png\" alt=\"\"><\/a><br><strong>WOHNUNGSAUFL\u00d6SUNG<\/strong><br>Wir sind Ihr perfekter<br>Ansprechpartner zum<br>Thema Entr\u00fcmpelungen<br>bis hin zur besenreinen<br>\u00dcbergabe!<br><br><a href=\"https:\/\/haushelden-service.de\/index.php\/services-page\/umweltgerechte-entsorgungsdienstleistungen-in-koeln-und-umgebung-ihr-partner-fuer-nachhaltige-abfallentsorgung\/\"><img decoding=\"async\" style=\"width: 90px;\" src=\"https:\/\/haushelden-service.de\/wp-content\/uploads\/2024\/01\/tonne.png\" alt=\"\"><\/a><br><strong>ENTSORGUNG<\/strong><br>Wir entsorgen<br>Ihre Sorgen!<br>Gr\u00fcndlich &amp; sauber.<br><br><a href=\"https:\/\/haushelden-service.de\/index.php\/services-page\/ruecksichtsvolle-umzugshilfe-fuer-senioren-in-koeln-und-umgebung-ihr-partner-fuer-einfuehlsame-seniorenumzuege\/\"><img decoding=\"async\" style=\"width: 90px;\" src=\"https:\/\/haushelden-service.de\/wp-content\/uploads\/2024\/01\/rentner.png\" alt=\"\"><\/a><br><strong>UMZUGSHILFE F\u00dcR SENIOREN<\/strong><br>Wir sind Ihre Experten<br>im Bereich Umz\u00fcge f\u00fcr<br>Senioren, privat oder<br>gewerblich! Wir haben<br>die Tools &amp; die Manpower<\/h2>\n<\/div>\n\n\n\n<div id=\"wp-block-themeisle-blocks-advanced-column-f9fa2ee2\" class=\"wp-block-themeisle-blocks-advanced-column\">\n<p><br><br><\/p>\n\n\n\n<figure class=\"wp-block-image aligncenter is-resized\"><a href=\"https:\/\/haushelden-service.de\/index.php\/services-page\/professionelle-renovierungsarbeiten-und-bauarbeiten-in-koeln-duesseldorf-und-umgebung\/\"><img loading=\"lazy\" decoding=\"async\" width=\"368\" height=\"372\" src=\"https:\/\/haushelden-service.de\/wp-content\/uploads\/2024\/01\/rolle.png\" alt=\"\" class=\"wp-image-541\" style=\"width:92px;height:auto\" srcset=\"https:\/\/haushelden-service.de\/wp-content\/uploads\/2024\/01\/rolle.png 368w, https:\/\/haushelden-service.de\/wp-content\/uploads\/2024\/01\/rolle-297x300.png 297w\" sizes=\"auto, (max-width: 368px) 100vw, 368px\" \/><\/a><\/figure>\n\n\n\n<p class=\"has-text-align-center\"><strong>RENOVIERUNG<\/strong><br>Ob einzelne R\u00e4ume<br>oder direkt das ganze<br>Haus &#8211; f\u00fcr diesen Job <br>bieten wir Ihnen <br>unsere Unterst\u00fctzung!<\/p>\n\n\n\n<figure class=\"wp-block-image aligncenter is-resized\"><a href=\"https:\/\/haushelden-service.de\/index.php\/services-page\/haus-service-in-koeln-und-umgebung-professionelle-immobilienpflege-und-gebaeudeservice\/\"><img loading=\"lazy\" decoding=\"async\" width=\"368\" height=\"372\" src=\"https:\/\/haushelden-service.de\/wp-content\/uploads\/2024\/01\/hammer.png\" alt=\"\" class=\"wp-image-538\" style=\"width:93px;height:auto\" srcset=\"https:\/\/haushelden-service.de\/wp-content\/uploads\/2024\/01\/hammer.png 368w, https:\/\/haushelden-service.de\/wp-content\/uploads\/2024\/01\/hammer-297x300.png 297w\" sizes=\"auto, (max-width: 368px) 100vw, 368px\" \/><\/a><\/figure>\n\n\n\n<p class=\"has-text-align-center\"><strong>HAUS-SERVICE<\/strong><br>Ihr Helfer f\u00fcr Erneuerungen<br>und Ausbesserungen in<br>Haus &amp; Wohnung!<\/p>\n<\/div>\n\n\n\n<div id=\"wp-block-themeisle-blocks-advanced-column-8db66808\" class=\"wp-block-themeisle-blocks-advanced-column\">\n<p class=\"has-text-align-center has-text-color has-link-color has-medium-font-size wp-elements-817a0b1233f61af4e43c5621638d8d94\" style=\"color:#b32c25\"><strong>WER WIR SIND<\/strong><\/p>\n\n\n\n<p class=\"has-text-align-center\">Die&nbsp;<strong>Haushelden<\/strong>&nbsp;aus Langenfeld sind Ihr professioneller Ansprechpartner f\u00fcr<br>alle Themen rund um Ihr Haus.<\/p>\n\n\n\n<p class=\"has-text-align-center\">Sie ben\u00f6tigen Hilfe bei der Entsorgung<br>von Mobiliar oder Altmaterial? Sie m\u00f6chten <br>renovieren, umbauen oder suchen nach <br>Unterst\u00fctzung bei einer Wohnungsaufl\u00f6sung? <br>Daf\u00fcr sind wir da!<br><br>Jedes Angebot ist generell unverbindlich<br>und kostenlos.<\/p>\n\n\n\n<p class=\"has-text-align-center\">Auch f\u00fcr Besichtigungen und eventuelle <br>Beratungen entstehen Ihnen keinerlei Kosten!<\/p>\n<\/div>\n<\/div><\/div>\n<\/div>\n","protected":false},"excerpt":{"rendered":"","protected":false},"author":2,"featured_media":0,"parent":0,"menu_order":0,"comment_status":"closed","ping_status":"closed","template":"template-plain","meta":{"_themeisle_gutenberg_block_has_review":false,"footnotes":""},"class_list":["post-334","page","type-page","status-publish","hentry"],"yoast_head":"<!-- This site is optimized with the Yoast SEO plugin v27.6 - https:\/\/yoast.com\/product\/yoast-seo-wordpress\/ -->\n<title>Haushelden-Service<\/title>\n<meta name=\"description\" content=\"Entdecken Sie die vielf\u00e4ltigen Dienstleistungen von Haushelden-Service auf unserer Services-Seite. Wir bieten professionelle L\u00f6sungen f\u00fcr Umz\u00fcge, Entr\u00fcmpelungen, Haushaltsaufl\u00f6sungen und mehr. Erfahren Sie, wie wir Ihnen helfen k\u00f6nnen!\" \/>\n<meta name=\"robots\" content=\"index, follow, max-snippet:-1, max-image-preview:large, max-video-preview:-1\" \/>\n<link rel=\"canonical\" href=\"https:\/\/haushelden-service.de\/\" \/>\n<meta property=\"og:locale\" content=\"de_DE\" \/>\n<meta property=\"og:type\" content=\"article\" \/>\n<meta property=\"og:title\" content=\"Haushelden-Service\" \/>\n<meta property=\"og:description\" content=\"Entdecken Sie die vielf\u00e4ltigen Dienstleistungen von Haushelden-Service auf unserer Services-Seite. Wir bieten professionelle L\u00f6sungen f\u00fcr Umz\u00fcge, Entr\u00fcmpelungen, Haushaltsaufl\u00f6sungen und mehr. Erfahren Sie, wie wir Ihnen helfen k\u00f6nnen!\" \/>\n<meta property=\"og:url\" content=\"https:\/\/haushelden-service.de\/\" \/>\n<meta property=\"og:site_name\" content=\"Haushelden-Service\" \/>\n<meta property=\"article:modified_time\" content=\"2024-01-22T15:04:26+00:00\" \/>\n<meta property=\"og:image\" content=\"https:\/\/haushelden-service.de\/wp-content\/uploads\/2024\/01\/haus.png\" \/>\n<meta name=\"twitter:card\" content=\"summary_large_image\" \/>\n<meta name=\"twitter:label1\" content=\"Gesch\u00e4tzte Lesezeit\" \/>\n\t<meta name=\"twitter:data1\" content=\"2\u00a0Minuten\" \/>\n<script type=\"application\/ld+json\" class=\"yoast-schema-graph\">{\"@context\":\"https:\\\/\\\/schema.org\",\"@graph\":[{\"@type\":\"WebPage\",\"@id\":\"https:\\\/\\\/haushelden-service.de\\\/\",\"url\":\"https:\\\/\\\/haushelden-service.de\\\/\",\"name\":\"Haushelden-Service\",\"isPartOf\":{\"@id\":\"https:\\\/\\\/haushelden-service.de\\\/#website\"},\"primaryImageOfPage\":{\"@id\":\"https:\\\/\\\/haushelden-service.de\\\/#primaryimage\"},\"image\":{\"@id\":\"https:\\\/\\\/haushelden-service.de\\\/#primaryimage\"},\"thumbnailUrl\":\"https:\\\/\\\/haushelden-service.de\\\/wp-content\\\/uploads\\\/2024\\\/01\\\/haus.png\",\"datePublished\":\"2024-01-08T19:46:46+00:00\",\"dateModified\":\"2024-01-22T15:04:26+00:00\",\"description\":\"Entdecken Sie die vielf\u00e4ltigen Dienstleistungen von Haushelden-Service auf unserer Services-Seite. Wir bieten professionelle L\u00f6sungen f\u00fcr Umz\u00fcge, Entr\u00fcmpelungen, Haushaltsaufl\u00f6sungen und mehr. Erfahren Sie, wie wir Ihnen helfen k\u00f6nnen!\",\"inLanguage\":\"de\",\"potentialAction\":[{\"@type\":\"ReadAction\",\"target\":[\"https:\\\/\\\/haushelden-service.de\\\/\"]}]},{\"@type\":\"ImageObject\",\"inLanguage\":\"de\",\"@id\":\"https:\\\/\\\/haushelden-service.de\\\/#primaryimage\",\"url\":\"https:\\\/\\\/haushelden-service.de\\\/wp-content\\\/uploads\\\/2024\\\/01\\\/haus.png\",\"contentUrl\":\"https:\\\/\\\/haushelden-service.de\\\/wp-content\\\/uploads\\\/2024\\\/01\\\/haus.png\",\"width\":368,\"height\":372},{\"@type\":\"WebSite\",\"@id\":\"https:\\\/\\\/haushelden-service.de\\\/#website\",\"url\":\"https:\\\/\\\/haushelden-service.de\\\/\",\"name\":\"Haushelden-Service\",\"description\":\"Ihr kompetenter Partner f\u00fcr alles rund ums Haus\",\"publisher\":{\"@id\":\"https:\\\/\\\/haushelden-service.de\\\/#organization\"},\"potentialAction\":[{\"@type\":\"SearchAction\",\"target\":{\"@type\":\"EntryPoint\",\"urlTemplate\":\"https:\\\/\\\/haushelden-service.de\\\/?s={search_term_string}\"},\"query-input\":{\"@type\":\"PropertyValueSpecification\",\"valueRequired\":true,\"valueName\":\"search_term_string\"}}],\"inLanguage\":\"de\"},{\"@type\":\"Organization\",\"@id\":\"https:\\\/\\\/haushelden-service.de\\\/#organization\",\"name\":\"Haushelden-Service\",\"url\":\"https:\\\/\\\/haushelden-service.de\\\/\",\"logo\":{\"@type\":\"ImageObject\",\"inLanguage\":\"de\",\"@id\":\"https:\\\/\\\/haushelden-service.de\\\/#\\\/schema\\\/logo\\\/image\\\/\",\"url\":\"https:\\\/\\\/haushelden-service.de\\\/wp-content\\\/uploads\\\/2024\\\/01\\\/01_Haushelden_logo_FINAL_2024.png\",\"contentUrl\":\"https:\\\/\\\/haushelden-service.de\\\/wp-content\\\/uploads\\\/2024\\\/01\\\/01_Haushelden_logo_FINAL_2024.png\",\"width\":2210,\"height\":1212,\"caption\":\"Haushelden-Service\"},\"image\":{\"@id\":\"https:\\\/\\\/haushelden-service.de\\\/#\\\/schema\\\/logo\\\/image\\\/\"},\"sameAs\":[\"https:\\\/\\\/www.instagram.com\\\/haushelden_service\\\/\"]}]}<\/script>\n<!-- \/ Yoast SEO plugin. -->","yoast_head_json":{"title":"Haushelden-Service","description":"Entdecken Sie die vielf\u00e4ltigen Dienstleistungen von Haushelden-Service auf unserer Services-Seite. Wir bieten professionelle L\u00f6sungen f\u00fcr Umz\u00fcge, Entr\u00fcmpelungen, Haushaltsaufl\u00f6sungen und mehr. Erfahren Sie, wie wir Ihnen helfen k\u00f6nnen!","robots":{"index":"index","follow":"follow","max-snippet":"max-snippet:-1","max-image-preview":"max-image-preview:large","max-video-preview":"max-video-preview:-1"},"canonical":"https:\/\/haushelden-service.de\/","og_locale":"de_DE","og_type":"article","og_title":"Haushelden-Service","og_description":"Entdecken Sie die vielf\u00e4ltigen Dienstleistungen von Haushelden-Service auf unserer Services-Seite. Wir bieten professionelle L\u00f6sungen f\u00fcr Umz\u00fcge, Entr\u00fcmpelungen, Haushaltsaufl\u00f6sungen und mehr. Erfahren Sie, wie wir Ihnen helfen k\u00f6nnen!","og_url":"https:\/\/haushelden-service.de\/","og_site_name":"Haushelden-Service","article_modified_time":"2024-01-22T15:04:26+00:00","og_image":[{"url":"https:\/\/haushelden-service.de\/wp-content\/uploads\/2024\/01\/haus.png","type":"","width":"","height":""}],"twitter_card":"summary_large_image","twitter_misc":{"Gesch\u00e4tzte Lesezeit":"2\u00a0Minuten"},"schema":{"@context":"https:\/\/schema.org","@graph":[{"@type":"WebPage","@id":"https:\/\/haushelden-service.de\/","url":"https:\/\/haushelden-service.de\/","name":"Haushelden-Service","isPartOf":{"@id":"https:\/\/haushelden-service.de\/#website"},"primaryImageOfPage":{"@id":"https:\/\/haushelden-service.de\/#primaryimage"},"image":{"@id":"https:\/\/haushelden-service.de\/#primaryimage"},"thumbnailUrl":"https:\/\/haushelden-service.de\/wp-content\/uploads\/2024\/01\/haus.png","datePublished":"2024-01-08T19:46:46+00:00","dateModified":"2024-01-22T15:04:26+00:00","description":"Entdecken Sie die vielf\u00e4ltigen Dienstleistungen von Haushelden-Service auf unserer Services-Seite. Wir bieten professionelle L\u00f6sungen f\u00fcr Umz\u00fcge, Entr\u00fcmpelungen, Haushaltsaufl\u00f6sungen und mehr. Erfahren Sie, wie wir Ihnen helfen k\u00f6nnen!","inLanguage":"de","potentialAction":[{"@type":"ReadAction","target":["https:\/\/haushelden-service.de\/"]}]},{"@type":"ImageObject","inLanguage":"de","@id":"https:\/\/haushelden-service.de\/#primaryimage","url":"https:\/\/haushelden-service.de\/wp-content\/uploads\/2024\/01\/haus.png","contentUrl":"https:\/\/haushelden-service.de\/wp-content\/uploads\/2024\/01\/haus.png","width":368,"height":372},{"@type":"WebSite","@id":"https:\/\/haushelden-service.de\/#website","url":"https:\/\/haushelden-service.de\/","name":"Haushelden-Service","description":"Ihr kompetenter Partner f\u00fcr alles rund ums Haus","publisher":{"@id":"https:\/\/haushelden-service.de\/#organization"},"potentialAction":[{"@type":"SearchAction","target":{"@type":"EntryPoint","urlTemplate":"https:\/\/haushelden-service.de\/?s={search_term_string}"},"query-input":{"@type":"PropertyValueSpecification","valueRequired":true,"valueName":"search_term_string"}}],"inLanguage":"de"},{"@type":"Organization","@id":"https:\/\/haushelden-service.de\/#organization","name":"Haushelden-Service","url":"https:\/\/haushelden-service.de\/","logo":{"@type":"ImageObject","inLanguage":"de","@id":"https:\/\/haushelden-service.de\/#\/schema\/logo\/image\/","url":"https:\/\/haushelden-service.de\/wp-content\/uploads\/2024\/01\/01_Haushelden_logo_FINAL_2024.png","contentUrl":"https:\/\/haushelden-service.de\/wp-content\/uploads\/2024\/01\/01_Haushelden_logo_FINAL_2024.png","width":2210,"height":1212,"caption":"Haushelden-Service"},"image":{"@id":"https:\/\/haushelden-service.de\/#\/schema\/logo\/image\/"},"sameAs":["https:\/\/www.instagram.com\/haushelden_service\/"]}]}},"_links":{"self":[{"href":"https:\/\/haushelden-service.de\/index.php\/wp-json\/wp\/v2\/pages\/334","targetHints":{"allow":["GET"]}}],"collection":[{"href":"https:\/\/haushelden-service.de\/index.php\/wp-json\/wp\/v2\/pages"}],"about":[{"href":"https:\/\/haushelden-service.de\/index.php\/wp-json\/wp\/v2\/types\/page"}],"author":[{"embeddable":true,"href":"https:\/\/haushelden-service.de\/index.php\/wp-json\/wp\/v2\/users\/2"}],"replies":[{"embeddable":true,"href":"https:\/\/haushelden-service.de\/index.php\/wp-json\/wp\/v2\/comments?post=334"}],"version-history":[{"count":70,"href":"https:\/\/haushelden-service.de\/index.php\/wp-json\/wp\/v2\/pages\/334\/revisions"}],"predecessor-version":[{"id":653,"href":"https:\/\/haushelden-service.de\/index.php\/wp-json\/wp\/v2\/pages\/334\/revisions\/653"}],"wp:attachment":[{"href":"https:\/\/haushelden-service.de\/index.php\/wp-json\/wp\/v2\/media?parent=334"}],"curies":[{"name":"wp","href":"https:\/\/api.w.org\/{rel}","templated":true}]}}