{"id":591,"date":"2024-01-22T11:15:40","date_gmt":"2024-01-22T10:15:40","guid":{"rendered":"https:\/\/www.haushelden-service.de\/?page_id=591"},"modified":"2024-01-22T20:55:53","modified_gmt":"2024-01-22T19:55:53","slug":"professionelle-wohnungsaufloesung-und-umzugsservices-in-langenfeld-hilden-koeln-neuss-duesseldorf-und-umgebung","status":"publish","type":"page","link":"https:\/\/haushelden-service.de\/index.php\/services-page\/professionelle-wohnungsaufloesung-und-umzugsservices-in-langenfeld-hilden-koeln-neuss-duesseldorf-und-umgebung\/","title":{"rendered":"Wohnungsaufl\u00f6sung"},"content":{"rendered":"\n<div class=\"wp-block-group alignfull has-raft-bg-alt-background-color has-background is-layout-constrained wp-container-core-group-is-layout-c2b63da3 wp-block-group-is-layout-constrained\" style=\"margin-top:0px;margin-bottom:0px;padding-top:var(--wp--preset--spacing--80);padding-right:var(--wp--preset--spacing--40);padding-bottom:var(--wp--preset--spacing--80);padding-left:var(--wp--preset--spacing--40)\">\n<div class=\"wp-block-group alignwide is-layout-flow wp-block-group-is-layout-flow\">\n<div class=\"wp-block-columns is-layout-flex wp-container-core-columns-is-layout-28f84493 wp-block-columns-is-layout-flex\">\n<div class=\"wp-block-column is-vertically-aligned-center is-layout-flow wp-block-column-is-layout-flow\">\n<h1 class=\"wp-block-heading has-text-align-left animated backInLeft has-text-color has-link-color wp-elements-d9cf18ff16e895080a4a7cd3faab8fe7\" style=\"color:#b0100b\"><strong>WOHNUNGS<\/strong><br><strong>AUFL\u00d6SUNG<\/strong><\/h1>\n\n\n\n<p class=\"has-text-align-left animated backInRight\">Die meisten Menschen kommen irgendwann an einen Punkt, an dem es notwendig wird, Hilfe bei der Aufl\u00f6sung einer Wohnung in Anspruch zu nehmen, wenn Zeit und die eigenen Kapazit\u00e4ten nicht ausreichen. Wir sind f\u00fcr Sie da, wenn diese Hilfe ben\u00f6tigt wird. Sprechen Sie uns gerne an, um einen unverbindlichen und kostenlosen Termin zu vereinbaren!<\/p>\n\n\n\n<div class=\"wp-block-buttons is-layout-flex wp-container-core-buttons-is-layout-da267d74 wp-block-buttons-is-layout-flex\">\n<div class=\"wp-block-button has-custom-width wp-block-button__width-100 is-style-primary is-style-fill animated bounceIn\"><a class=\"wp-block-button__link has-background wp-element-button\" href=\"mailto:info@haushelden-service.de?subject=Wohnungsaufl\u00f6sung\" style=\"background-color:#b0100b\" target=\"_blank\" rel=\"noreferrer noopener\">Schreiben Sie uns<\/a><\/div>\n<\/div>\n<\/div>\n\n\n\n<div class=\"wp-block-column is-layout-flow wp-block-column-is-layout-flow\">\n<figure class=\"wp-block-image size-full is-resized animated bounceIn\"><img loading=\"lazy\" decoding=\"async\" width=\"368\" height=\"372\" src=\"https:\/\/haushelden-service.de\/wp-content\/uploads\/2024\/01\/haus.png\" alt=\"\" class=\"wp-image-539\" style=\"aspect-ratio:1;object-fit:contain;width:467px;height:auto\" srcset=\"https:\/\/haushelden-service.de\/wp-content\/uploads\/2024\/01\/haus.png 368w, https:\/\/haushelden-service.de\/wp-content\/uploads\/2024\/01\/haus-297x300.png 297w\" sizes=\"auto, (max-width: 368px) 100vw, 368px\" \/><\/figure>\n<\/div>\n<\/div>\n<\/div>\n<\/div>\n\n\n\n<div class=\"wp-block-group alignwide is-layout-constrained wp-block-group-is-layout-constrained\">\n<div class=\"wp-block-columns alignwide is-layout-flex wp-container-core-columns-is-layout-47c06fe3 wp-block-columns-is-layout-flex\">\n<div class=\"wp-block-column is-vertically-aligned-center is-layout-flow wp-block-column-is-layout-flow\">\n<h2 class=\"wp-block-heading has-text-align-center has-text-color has-link-color wp-elements-29e4c3cba986e7861331fef63e897cfe\" style=\"color:#b0100b;margin-top:0;margin-right:0;margin-bottom:0;margin-left:0;padding-top:0;padding-right:0;padding-bottom:0;padding-left:0;text-transform:none\"><strong>PROFESSIONELLE WOHNUNGSAUFL\u00d6SUNG<br>UND ENTR\u00dcMPELUNG IN IHRER N\u00c4HE<\/strong><br><\/h2>\n\n\n\n<h4 class=\"wp-block-heading has-text-align-center\" style=\"text-transform:uppercase\"><br><strong>Unser umfassendes Dienstleistungsspektrum<\/strong> <br><strong>im Bereich Wohnungsaufl\u00f6sung<\/strong><\/h4>\n\n\n\n<div class=\"wp-block-group is-vertical is-content-justification-center is-layout-flex wp-container-core-group-is-layout-ce155fab wp-block-group-is-layout-flex\">\n<p class=\"has-text-align-center\">Unsere professionelle Entr\u00fcmpelungsfirma bietet Ihnen eine Vielzahl von Dienstleistungen, um Ihren Umzug <br>so reibungslos wie m\u00f6glich zu gestalten. Hierbei stehen Ihnen unsere erfahrenen Mitarbeiter zur Seite, <br>um die folgenden Aufgaben zu \u00fcbernehmen:<\/p>\n\n\n\n<h4 class=\"wp-block-heading\"><strong>Entr\u00fcmpelung und Haushaltsaufl\u00f6sung<\/strong><\/h4>\n\n\n\n<p class=\"has-text-align-center\">Mit unserer Hilfe k\u00f6nnen Sie sich von \u00fcberfl\u00fcssigem Ballast befreien. Ob Dachboden, Keller oder <br>gesamte Wohnung \u2013 wir entr\u00fcmpeln effizient und nachhaltig.<\/p>\n\n\n\n<h4 class=\"wp-block-heading\"><strong>M\u00f6belentsorgung und M\u00f6belaufl\u00f6sung<\/strong><\/h4>\n\n\n\n<p class=\"has-text-align-center\">Altgediente M\u00f6belst\u00fccke, die nicht mehr in Ihr neues Zuhause passen oder nicht mehr ben\u00f6tigt werden, <br>entsorgen wir umweltfreundlich und fachgerecht.<\/p>\n\n\n\n<h4 class=\"wp-block-heading\"><strong>R\u00e4umungsdienst und R\u00e4umungsservice<\/strong><\/h4>\n\n\n\n<p class=\"has-text-align-center\">Die R\u00e4umung von Wohn- oder Gesch\u00e4ftsr\u00e4umen erfordert Pr\u00e4zision und Professionalit\u00e4t. <br>Verlassen Sie sich auf unsere Expertise.<\/p>\n\n\n\n<h4 class=\"wp-block-heading\"><strong>Sperrm\u00fcll und Entsorgungsdienst<\/strong><\/h4>\n\n\n\n<p class=\"has-text-align-center\">Sperrm\u00fcll muss ordnungsgem\u00e4\u00df entsorgt werden. Mit unserem Entsorgungsdienst erledigen <br>wir das f\u00fcr Sie \u2013 schnell und zuverl\u00e4ssig.<\/p>\n\n\n\n<h4 class=\"wp-block-heading\"><strong>Unsere Einsatzgebiete<\/strong>:<\/h4>\n\n\n\n<p class=\"has-text-align-center\">Unsere Dienstleistungen bieten wir in den folgenden St\u00e4dten\/Kreisst\u00e4dten an:<br><br><strong>\u2022 K\u00f6ln \u2022 Neuss \u2022 Hilden \u2022 Dormagen \u2022 Leverkusen \u2022 D\u00fcsseldorf<br>\u2022 Erkrath \u2022 Mettmann \u2022 Burscheid \u2022 Bergisch Gladbach<br>\u2022 Leichlingen \u2022 Haan \u2022 Velbert \u2022 Ratingen &#8230; und mehr<\/strong><\/p>\n\n\n\n<h4 class=\"wp-block-heading has-x-large-font-size\"><strong>Unkomplizierte Terminvereinbarung<\/strong><\/h4>\n\n\n\n<p class=\"has-text-align-center\">Unsere Dienstleistungen sind darauf ausgerichtet, Ihnen eine Wohnungsaufl\u00f6sung so einfach wie m\u00f6glich zu machen. Kontaktieren Sie uns noch heute, um einen unverbindlichen und kostenlosen Termin zu vereinbaren. Wir beraten Sie gerne individuell und finden die passende L\u00f6sung f\u00fcr Ihre Bed\u00fcrfnisse.<br><\/p>\n<\/div>\n\n\n\n<p><\/p>\n\n\n\n<div class=\"wp-block-group alignfull has-raft-fg-alt-color has-text-color has-background has-link-color wp-elements-0bd9832c0786ae8d23bfffcfd166bdbd is-layout-constrained wp-container-core-group-is-layout-87092498 wp-block-group-is-layout-constrained\" style=\"background-color:#b0100b;margin-top:0;margin-bottom:0;padding-top:var(--wp--preset--spacing--80);padding-right:var(--wp--preset--spacing--40);padding-bottom:var(--wp--preset--spacing--80);padding-left:var(--wp--preset--spacing--40)\">\n<div class=\"wp-block-group is-layout-constrained wp-container-core-group-is-layout-92b9201d wp-block-group-is-layout-constrained\">\n<p class=\"has-text-align-center has-small-font-size\" style=\"font-style:normal;font-weight:600;letter-spacing:2px;text-transform:uppercase\">HAUSHELDEN<\/p>\n\n\n\n<h2 class=\"wp-block-heading has-text-align-center has-huge-font-size\">Lieber heute als morgen, <br>schreiben Sie uns!<\/h2>\n<\/div>\n\n\n\n<div class=\"wp-block-buttons is-content-justification-center is-layout-flex wp-container-core-buttons-is-layout-a89b3969 wp-block-buttons-is-layout-flex\">\n<div class=\"wp-block-button has-custom-width wp-block-button__width-100 is-style-outline is-style-outline--1\"><a class=\"wp-block-button__link has-black-background-color has-background wp-element-button\" href=\"mailto:info@haushelden-service.de\">KLICKEN SIE JETZT F\u00dcR IHR INDIVIDUELLES ANGEBOT<\/a><\/div>\n<\/div>\n<\/div>\n<\/div>\n<\/div>\n<\/div>\n\n\n\n<div class=\"wp-block-group alignfull has-raft-bg-alt-background-color has-background is-layout-constrained wp-container-core-group-is-layout-73eab25f wp-block-group-is-layout-constrained\" style=\"margin-top:0;margin-bottom:0;padding-top:var(--wp--preset--spacing--80);padding-right:var(--wp--preset--spacing--40);padding-bottom:var(--wp--preset--spacing--80);padding-left:var(--wp--preset--spacing--40)\">\n<div class=\"wp-block-group alignwide is-layout-flow wp-container-core-group-is-layout-19eabfb7 wp-block-group-is-layout-flow\">\n<figure class=\"wp-block-image aligncenter size-full is-resized is-style-rounded\"><img decoding=\"async\" src=\"https:\/\/haushelden-service.de\/wp-content\/themes\/raft\/assets\/img\/shape-05.svg\" alt=\"\" class=\"wp-image-287\" style=\"aspect-ratio:1;object-fit:cover;width:88px\"\/><\/figure>\n\n\n\n<p class=\"has-text-align-center has-medium-font-size\">&#8222;&#8230;schnell, zuverl\u00e4ssig und kompetent&#8230;&#8220;<\/p>\n\n\n\n<p class=\"has-text-align-center has-raft-accent-color has-text-color has-link-color has-medium-font-size wp-elements-fa402e63e59ca40a6098b2aa9dc94cdf\">\u2605 \u2605 \u2605 \u2605 \u2605<\/p>\n\n\n\n<p class=\"has-text-align-center has-small-font-size\" style=\"font-style:normal;font-weight:600;letter-spacing:2px;text-transform:uppercase\"><a href=\"https:\/\/www.google.com\/maps\/contrib\/115631333533649929437?hl=de\">Sema Beauty<\/a><\/p>\n<\/div>\n<\/div>\n\n\n\n<div class=\"wp-block-group alignfull has-raft-fg-alt-color has-raft-bg-inv-background-color has-text-color has-background has-link-color wp-elements-74da91cfe31fe5bd6d28c89665873ea2 is-layout-flow wp-container-core-group-is-layout-60ec7785 wp-block-group-is-layout-flow\" style=\"margin-top:0;margin-bottom:0;padding-top:0;padding-right:0;padding-bottom:0;padding-left:0\">\n<div class=\"wp-block-group alignfull has-raft-fg-alt-color has-text-color has-background has-link-color wp-elements-b2a6968c9fb7bfc5ed6eba08fda65b08 is-layout-constrained wp-container-core-group-is-layout-87092498 wp-block-group-is-layout-constrained\" style=\"background-color:#b0100b;margin-top:0;margin-bottom:0;padding-top:var(--wp--preset--spacing--80);padding-right:var(--wp--preset--spacing--40);padding-bottom:var(--wp--preset--spacing--80);padding-left:var(--wp--preset--spacing--40)\">\n<div class=\"wp-block-group is-layout-constrained wp-container-core-group-is-layout-92b9201d wp-block-group-is-layout-constrained\">\n<p class=\"has-text-align-center has-small-font-size\" style=\"font-style:normal;font-weight:600;letter-spacing:2px;text-transform:uppercase\">HAUSHELDEN<\/p>\n\n\n\n<h2 class=\"wp-block-heading has-text-align-center has-huge-font-size\">Entdecken Sie auch unsere anderen Dienstleistungen!<\/h2>\n<\/div>\n\n\n\n<div class=\"wp-block-buttons is-content-justification-center is-layout-flex wp-container-core-buttons-is-layout-a89b3969 wp-block-buttons-is-layout-flex\">\n<div class=\"wp-block-button has-custom-width wp-block-button__width-100 is-style-outline is-style-outline--2\"><a class=\"wp-block-button__link has-black-background-color has-background wp-element-button\" href=\"https:\/\/haushelden-service.de\/index.php\/services-page\/\">MEHR \u00dcBER UNSERE DIENSTLEISTUNGEN ERFAHREN<\/a><\/div>\n<\/div>\n<\/div>\n<\/div>\n","protected":false},"excerpt":{"rendered":"<p>WOHNUNGSAUFL\u00d6SUNG Die meisten Menschen kommen irgendwann an einen Punkt, an dem es notwendig wird, Hilfe bei der Aufl\u00f6sung einer Wohnung in Anspruch zu nehmen, wenn Zeit und die eigenen Kapazit\u00e4ten nicht ausreichen. Wir sind f\u00fcr Sie da, wenn diese Hilfe ben\u00f6tigt wird. Sprechen Sie uns gerne an, um einen unverbindlichen und kostenlosen Termin zu vereinbaren! [&hellip;]<\/p>\n","protected":false},"author":1,"featured_media":0,"parent":329,"menu_order":0,"comment_status":"closed","ping_status":"closed","template":"template-plain","meta":{"_themeisle_gutenberg_block_has_review":false,"footnotes":""},"class_list":["post-591","page","type-page","status-publish","hentry"],"yoast_head":"<!-- This site is optimized with the Yoast SEO plugin v27.6 - https:\/\/yoast.com\/product\/yoast-seo-wordpress\/ -->\n<title>Wohnungsaufl\u00f6sung - Haushelden-Service<\/title>\n<meta name=\"description\" content=\"Erfahren Sie, wie unsere Wohnungsaufl\u00f6sung in den Regionen Langenfeld, Hilden, K\u00f6ln, Neuss, D\u00fcsseldorf und angrenzenden Gebieten Ihnen bei Umzug, Haushaltsaufl\u00f6sung, M\u00f6belentsorgung und mehr professionell zur Seite steht. Kostenlose Beratungstermine verf\u00fcgbar!\" \/>\n<meta name=\"robots\" content=\"index, follow, max-snippet:-1, max-image-preview:large, max-video-preview:-1\" \/>\n<link rel=\"canonical\" href=\"https:\/\/haushelden-service.de\/index.php\/services-page\/professionelle-wohnungsaufloesung-und-umzugsservices-in-langenfeld-hilden-koeln-neuss-duesseldorf-und-umgebung\/\" \/>\n<meta property=\"og:locale\" content=\"de_DE\" \/>\n<meta property=\"og:type\" content=\"article\" \/>\n<meta property=\"og:title\" content=\"Wohnungsaufl\u00f6sung - Haushelden-Service\" \/>\n<meta property=\"og:description\" content=\"Erfahren Sie, wie unsere Wohnungsaufl\u00f6sung in den Regionen Langenfeld, Hilden, K\u00f6ln, Neuss, D\u00fcsseldorf und angrenzenden Gebieten Ihnen bei Umzug, Haushaltsaufl\u00f6sung, M\u00f6belentsorgung und mehr professionell zur Seite steht. Kostenlose Beratungstermine verf\u00fcgbar!\" \/>\n<meta property=\"og:url\" content=\"https:\/\/haushelden-service.de\/index.php\/services-page\/professionelle-wohnungsaufloesung-und-umzugsservices-in-langenfeld-hilden-koeln-neuss-duesseldorf-und-umgebung\/\" \/>\n<meta property=\"og:site_name\" content=\"Haushelden-Service\" \/>\n<meta property=\"article:modified_time\" content=\"2024-01-22T19:55:53+00:00\" \/>\n<meta property=\"og:image\" content=\"https:\/\/haushelden-service.de\/wp-content\/uploads\/2024\/01\/haus.png\" \/>\n<meta name=\"twitter:card\" content=\"summary_large_image\" \/>\n<meta name=\"twitter:label1\" content=\"Gesch\u00e4tzte Lesezeit\" \/>\n\t<meta name=\"twitter:data1\" content=\"3\u00a0Minuten\" \/>\n<script type=\"application\/ld+json\" class=\"yoast-schema-graph\">{\"@context\":\"https:\\\/\\\/schema.org\",\"@graph\":[{\"@type\":\"WebPage\",\"@id\":\"https:\\\/\\\/haushelden-service.de\\\/index.php\\\/services-page\\\/professionelle-wohnungsaufloesung-und-umzugsservices-in-langenfeld-hilden-koeln-neuss-duesseldorf-und-umgebung\\\/\",\"url\":\"https:\\\/\\\/haushelden-service.de\\\/index.php\\\/services-page\\\/professionelle-wohnungsaufloesung-und-umzugsservices-in-langenfeld-hilden-koeln-neuss-duesseldorf-und-umgebung\\\/\",\"name\":\"Wohnungsaufl\u00f6sung - Haushelden-Service\",\"isPartOf\":{\"@id\":\"https:\\\/\\\/haushelden-service.de\\\/#website\"},\"primaryImageOfPage\":{\"@id\":\"https:\\\/\\\/haushelden-service.de\\\/index.php\\\/services-page\\\/professionelle-wohnungsaufloesung-und-umzugsservices-in-langenfeld-hilden-koeln-neuss-duesseldorf-und-umgebung\\\/#primaryimage\"},\"image\":{\"@id\":\"https:\\\/\\\/haushelden-service.de\\\/index.php\\\/services-page\\\/professionelle-wohnungsaufloesung-und-umzugsservices-in-langenfeld-hilden-koeln-neuss-duesseldorf-und-umgebung\\\/#primaryimage\"},\"thumbnailUrl\":\"https:\\\/\\\/haushelden-service.de\\\/wp-content\\\/uploads\\\/2024\\\/01\\\/haus.png\",\"datePublished\":\"2024-01-22T10:15:40+00:00\",\"dateModified\":\"2024-01-22T19:55:53+00:00\",\"description\":\"Erfahren Sie, wie unsere Wohnungsaufl\u00f6sung in den Regionen Langenfeld, Hilden, K\u00f6ln, Neuss, D\u00fcsseldorf und angrenzenden Gebieten Ihnen bei Umzug, Haushaltsaufl\u00f6sung, M\u00f6belentsorgung und mehr professionell zur Seite steht. Kostenlose Beratungstermine verf\u00fcgbar!\",\"breadcrumb\":{\"@id\":\"https:\\\/\\\/haushelden-service.de\\\/index.php\\\/services-page\\\/professionelle-wohnungsaufloesung-und-umzugsservices-in-langenfeld-hilden-koeln-neuss-duesseldorf-und-umgebung\\\/#breadcrumb\"},\"inLanguage\":\"de\",\"potentialAction\":[{\"@type\":\"ReadAction\",\"target\":[\"https:\\\/\\\/haushelden-service.de\\\/index.php\\\/services-page\\\/professionelle-wohnungsaufloesung-und-umzugsservices-in-langenfeld-hilden-koeln-neuss-duesseldorf-und-umgebung\\\/\"]}]},{\"@type\":\"ImageObject\",\"inLanguage\":\"de\",\"@id\":\"https:\\\/\\\/haushelden-service.de\\\/index.php\\\/services-page\\\/professionelle-wohnungsaufloesung-und-umzugsservices-in-langenfeld-hilden-koeln-neuss-duesseldorf-und-umgebung\\\/#primaryimage\",\"url\":\"https:\\\/\\\/haushelden-service.de\\\/wp-content\\\/uploads\\\/2024\\\/01\\\/haus.png\",\"contentUrl\":\"https:\\\/\\\/haushelden-service.de\\\/wp-content\\\/uploads\\\/2024\\\/01\\\/haus.png\",\"width\":368,\"height\":372},{\"@type\":\"BreadcrumbList\",\"@id\":\"https:\\\/\\\/haushelden-service.de\\\/index.php\\\/services-page\\\/professionelle-wohnungsaufloesung-und-umzugsservices-in-langenfeld-hilden-koeln-neuss-duesseldorf-und-umgebung\\\/#breadcrumb\",\"itemListElement\":[{\"@type\":\"ListItem\",\"position\":1,\"name\":\"Startseite\",\"item\":\"https:\\\/\\\/haushelden-service.de\\\/\"},{\"@type\":\"ListItem\",\"position\":2,\"name\":\"UNSER ANGEBOT F\u00dcR SIE IM \u00dcBERBLICK\",\"item\":\"https:\\\/\\\/haushelden-service.de\\\/index.php\\\/services-page\\\/\"},{\"@type\":\"ListItem\",\"position\":3,\"name\":\"Wohnungsaufl\u00f6sung\"}]},{\"@type\":\"WebSite\",\"@id\":\"https:\\\/\\\/haushelden-service.de\\\/#website\",\"url\":\"https:\\\/\\\/haushelden-service.de\\\/\",\"name\":\"Haushelden-Service\",\"description\":\"Ihr kompetenter Partner f\u00fcr alles rund ums Haus\",\"publisher\":{\"@id\":\"https:\\\/\\\/haushelden-service.de\\\/#organization\"},\"potentialAction\":[{\"@type\":\"SearchAction\",\"target\":{\"@type\":\"EntryPoint\",\"urlTemplate\":\"https:\\\/\\\/haushelden-service.de\\\/?s={search_term_string}\"},\"query-input\":{\"@type\":\"PropertyValueSpecification\",\"valueRequired\":true,\"valueName\":\"search_term_string\"}}],\"inLanguage\":\"de\"},{\"@type\":\"Organization\",\"@id\":\"https:\\\/\\\/haushelden-service.de\\\/#organization\",\"name\":\"Haushelden-Service\",\"url\":\"https:\\\/\\\/haushelden-service.de\\\/\",\"logo\":{\"@type\":\"ImageObject\",\"inLanguage\":\"de\",\"@id\":\"https:\\\/\\\/haushelden-service.de\\\/#\\\/schema\\\/logo\\\/image\\\/\",\"url\":\"https:\\\/\\\/haushelden-service.de\\\/wp-content\\\/uploads\\\/2024\\\/01\\\/01_Haushelden_logo_FINAL_2024.png\",\"contentUrl\":\"https:\\\/\\\/haushelden-service.de\\\/wp-content\\\/uploads\\\/2024\\\/01\\\/01_Haushelden_logo_FINAL_2024.png\",\"width\":2210,\"height\":1212,\"caption\":\"Haushelden-Service\"},\"image\":{\"@id\":\"https:\\\/\\\/haushelden-service.de\\\/#\\\/schema\\\/logo\\\/image\\\/\"},\"sameAs\":[\"https:\\\/\\\/www.instagram.com\\\/haushelden_service\\\/\"]}]}<\/script>\n<!-- \/ Yoast SEO plugin. -->","yoast_head_json":{"title":"Wohnungsaufl\u00f6sung - Haushelden-Service","description":"Erfahren Sie, wie unsere Wohnungsaufl\u00f6sung in den Regionen Langenfeld, Hilden, K\u00f6ln, Neuss, D\u00fcsseldorf und angrenzenden Gebieten Ihnen bei Umzug, Haushaltsaufl\u00f6sung, M\u00f6belentsorgung und mehr professionell zur Seite steht. Kostenlose Beratungstermine verf\u00fcgbar!","robots":{"index":"index","follow":"follow","max-snippet":"max-snippet:-1","max-image-preview":"max-image-preview:large","max-video-preview":"max-video-preview:-1"},"canonical":"https:\/\/haushelden-service.de\/index.php\/services-page\/professionelle-wohnungsaufloesung-und-umzugsservices-in-langenfeld-hilden-koeln-neuss-duesseldorf-und-umgebung\/","og_locale":"de_DE","og_type":"article","og_title":"Wohnungsaufl\u00f6sung - Haushelden-Service","og_description":"Erfahren Sie, wie unsere Wohnungsaufl\u00f6sung in den Regionen Langenfeld, Hilden, K\u00f6ln, Neuss, D\u00fcsseldorf und angrenzenden Gebieten Ihnen bei Umzug, Haushaltsaufl\u00f6sung, M\u00f6belentsorgung und mehr professionell zur Seite steht. Kostenlose Beratungstermine verf\u00fcgbar!","og_url":"https:\/\/haushelden-service.de\/index.php\/services-page\/professionelle-wohnungsaufloesung-und-umzugsservices-in-langenfeld-hilden-koeln-neuss-duesseldorf-und-umgebung\/","og_site_name":"Haushelden-Service","article_modified_time":"2024-01-22T19:55:53+00:00","og_image":[{"url":"https:\/\/haushelden-service.de\/wp-content\/uploads\/2024\/01\/haus.png","type":"","width":"","height":""}],"twitter_card":"summary_large_image","twitter_misc":{"Gesch\u00e4tzte Lesezeit":"3\u00a0Minuten"},"schema":{"@context":"https:\/\/schema.org","@graph":[{"@type":"WebPage","@id":"https:\/\/haushelden-service.de\/index.php\/services-page\/professionelle-wohnungsaufloesung-und-umzugsservices-in-langenfeld-hilden-koeln-neuss-duesseldorf-und-umgebung\/","url":"https:\/\/haushelden-service.de\/index.php\/services-page\/professionelle-wohnungsaufloesung-und-umzugsservices-in-langenfeld-hilden-koeln-neuss-duesseldorf-und-umgebung\/","name":"Wohnungsaufl\u00f6sung - Haushelden-Service","isPartOf":{"@id":"https:\/\/haushelden-service.de\/#website"},"primaryImageOfPage":{"@id":"https:\/\/haushelden-service.de\/index.php\/services-page\/professionelle-wohnungsaufloesung-und-umzugsservices-in-langenfeld-hilden-koeln-neuss-duesseldorf-und-umgebung\/#primaryimage"},"image":{"@id":"https:\/\/haushelden-service.de\/index.php\/services-page\/professionelle-wohnungsaufloesung-und-umzugsservices-in-langenfeld-hilden-koeln-neuss-duesseldorf-und-umgebung\/#primaryimage"},"thumbnailUrl":"https:\/\/haushelden-service.de\/wp-content\/uploads\/2024\/01\/haus.png","datePublished":"2024-01-22T10:15:40+00:00","dateModified":"2024-01-22T19:55:53+00:00","description":"Erfahren Sie, wie unsere Wohnungsaufl\u00f6sung in den Regionen Langenfeld, Hilden, K\u00f6ln, Neuss, D\u00fcsseldorf und angrenzenden Gebieten Ihnen bei Umzug, Haushaltsaufl\u00f6sung, M\u00f6belentsorgung und mehr professionell zur Seite steht. Kostenlose Beratungstermine verf\u00fcgbar!","breadcrumb":{"@id":"https:\/\/haushelden-service.de\/index.php\/services-page\/professionelle-wohnungsaufloesung-und-umzugsservices-in-langenfeld-hilden-koeln-neuss-duesseldorf-und-umgebung\/#breadcrumb"},"inLanguage":"de","potentialAction":[{"@type":"ReadAction","target":["https:\/\/haushelden-service.de\/index.php\/services-page\/professionelle-wohnungsaufloesung-und-umzugsservices-in-langenfeld-hilden-koeln-neuss-duesseldorf-und-umgebung\/"]}]},{"@type":"ImageObject","inLanguage":"de","@id":"https:\/\/haushelden-service.de\/index.php\/services-page\/professionelle-wohnungsaufloesung-und-umzugsservices-in-langenfeld-hilden-koeln-neuss-duesseldorf-und-umgebung\/#primaryimage","url":"https:\/\/haushelden-service.de\/wp-content\/uploads\/2024\/01\/haus.png","contentUrl":"https:\/\/haushelden-service.de\/wp-content\/uploads\/2024\/01\/haus.png","width":368,"height":372},{"@type":"BreadcrumbList","@id":"https:\/\/haushelden-service.de\/index.php\/services-page\/professionelle-wohnungsaufloesung-und-umzugsservices-in-langenfeld-hilden-koeln-neuss-duesseldorf-und-umgebung\/#breadcrumb","itemListElement":[{"@type":"ListItem","position":1,"name":"Startseite","item":"https:\/\/haushelden-service.de\/"},{"@type":"ListItem","position":2,"name":"UNSER ANGEBOT F\u00dcR SIE IM \u00dcBERBLICK","item":"https:\/\/haushelden-service.de\/index.php\/services-page\/"},{"@type":"ListItem","position":3,"name":"Wohnungsaufl\u00f6sung"}]},{"@type":"WebSite","@id":"https:\/\/haushelden-service.de\/#website","url":"https:\/\/haushelden-service.de\/","name":"Haushelden-Service","description":"Ihr kompetenter Partner f\u00fcr alles rund ums Haus","publisher":{"@id":"https:\/\/haushelden-service.de\/#organization"},"potentialAction":[{"@type":"SearchAction","target":{"@type":"EntryPoint","urlTemplate":"https:\/\/haushelden-service.de\/?s={search_term_string}"},"query-input":{"@type":"PropertyValueSpecification","valueRequired":true,"valueName":"search_term_string"}}],"inLanguage":"de"},{"@type":"Organization","@id":"https:\/\/haushelden-service.de\/#organization","name":"Haushelden-Service","url":"https:\/\/haushelden-service.de\/","logo":{"@type":"ImageObject","inLanguage":"de","@id":"https:\/\/haushelden-service.de\/#\/schema\/logo\/image\/","url":"https:\/\/haushelden-service.de\/wp-content\/uploads\/2024\/01\/01_Haushelden_logo_FINAL_2024.png","contentUrl":"https:\/\/haushelden-service.de\/wp-content\/uploads\/2024\/01\/01_Haushelden_logo_FINAL_2024.png","width":2210,"height":1212,"caption":"Haushelden-Service"},"image":{"@id":"https:\/\/haushelden-service.de\/#\/schema\/logo\/image\/"},"sameAs":["https:\/\/www.instagram.com\/haushelden_service\/"]}]}},"_links":{"self":[{"href":"https:\/\/haushelden-service.de\/index.php\/wp-json\/wp\/v2\/pages\/591","targetHints":{"allow":["GET"]}}],"collection":[{"href":"https:\/\/haushelden-service.de\/index.php\/wp-json\/wp\/v2\/pages"}],"about":[{"href":"https:\/\/haushelden-service.de\/index.php\/wp-json\/wp\/v2\/types\/page"}],"author":[{"embeddable":true,"href":"https:\/\/haushelden-service.de\/index.php\/wp-json\/wp\/v2\/users\/1"}],"replies":[{"embeddable":true,"href":"https:\/\/haushelden-service.de\/index.php\/wp-json\/wp\/v2\/comments?post=591"}],"version-history":[{"count":34,"href":"https:\/\/haushelden-service.de\/index.php\/wp-json\/wp\/v2\/pages\/591\/revisions"}],"predecessor-version":[{"id":773,"href":"https:\/\/haushelden-service.de\/index.php\/wp-json\/wp\/v2\/pages\/591\/revisions\/773"}],"up":[{"embeddable":true,"href":"https:\/\/haushelden-service.de\/index.php\/wp-json\/wp\/v2\/pages\/329"}],"wp:attachment":[{"href":"https:\/\/haushelden-service.de\/index.php\/wp-json\/wp\/v2\/media?parent=591"}],"curies":[{"name":"wp","href":"https:\/\/api.w.org\/{rel}","templated":true}]}}