{"id":639,"date":"2024-01-22T13:38:06","date_gmt":"2024-01-22T12:38:06","guid":{"rendered":"https:\/\/www.haushelden-service.de\/?page_id=639"},"modified":"2024-01-22T20:58:56","modified_gmt":"2024-01-22T19:58:56","slug":"ruecksichtsvolle-umzugshilfe-fuer-senioren-in-koeln-und-umgebung-ihr-partner-fuer-einfuehlsame-seniorenumzuege","status":"publish","type":"page","link":"https:\/\/haushelden-service.de\/index.php\/services-page\/ruecksichtsvolle-umzugshilfe-fuer-senioren-in-koeln-und-umgebung-ihr-partner-fuer-einfuehlsame-seniorenumzuege\/","title":{"rendered":"Umzugshilfe f\u00fcr Senioren"},"content":{"rendered":"\n<div class=\"wp-block-group alignfull has-raft-bg-alt-background-color has-background is-layout-constrained wp-container-core-group-is-layout-c2b63da3 wp-block-group-is-layout-constrained\" style=\"margin-top:0px;margin-bottom:0px;padding-top:var(--wp--preset--spacing--80);padding-right:var(--wp--preset--spacing--40);padding-bottom:var(--wp--preset--spacing--80);padding-left:var(--wp--preset--spacing--40)\">\n<div class=\"wp-block-group alignwide is-layout-flow wp-block-group-is-layout-flow\">\n<div class=\"wp-block-columns is-layout-flex wp-container-core-columns-is-layout-28f84493 wp-block-columns-is-layout-flex\">\n<div class=\"wp-block-column is-vertically-aligned-center is-layout-flow wp-block-column-is-layout-flow\">\n<h2 class=\"wp-block-heading has-text-align-left animated backInLeft has-text-color has-link-color has-huge-font-size wp-elements-a13fd10a0f911fea987555de2923a7cc\" style=\"color:#b0100b\"><strong><strong>UMZUGSHILFE F\u00dcR SENIOREN<\/strong><\/strong><\/h2>\n\n\n\n<p class=\"has-text-align-left animated backInRight\">Ein Angeh\u00f6riger oder Sie selbst bewohnen eine Wohnung oder&nbsp;ein Zimmer in einem Seniorenheim oder m\u00f6chten in eines umziehen?&nbsp;Sie brauchen Hilfe beim anstehenden Umzug und m\u00fcssen sich&nbsp;dabei ggf. verkleinern? Dabei helfen wir gerne und machen Ihnen&nbsp;auf Anfrage ein Angebot!<\/p>\n\n\n\n<div class=\"wp-block-buttons is-layout-flex wp-container-core-buttons-is-layout-da267d74 wp-block-buttons-is-layout-flex\">\n<div class=\"wp-block-button has-custom-width wp-block-button__width-100 is-style-primary is-style-fill animated bounceIn\"><a class=\"wp-block-button__link has-background wp-element-button\" href=\"mailto:info@haushelden-service.de?subject=Umzugshilfe Senioren\" style=\"background-color:#b0100b\" target=\"_blank\" rel=\"noreferrer noopener\">Schreiben Sie uns<\/a><\/div>\n<\/div>\n<\/div>\n\n\n\n<div class=\"wp-block-column is-layout-flow wp-block-column-is-layout-flow\">\n<figure class=\"wp-block-image size-full is-resized animated bounceIn\"><img loading=\"lazy\" decoding=\"async\" width=\"368\" height=\"372\" src=\"https:\/\/haushelden-service.de\/wp-content\/uploads\/2024\/01\/rentner.png\" alt=\"\" class=\"wp-image-540\" style=\"aspect-ratio:1;object-fit:contain;width:467px;height:auto\" srcset=\"https:\/\/haushelden-service.de\/wp-content\/uploads\/2024\/01\/rentner.png 368w, https:\/\/haushelden-service.de\/wp-content\/uploads\/2024\/01\/rentner-297x300.png 297w\" sizes=\"auto, (max-width: 368px) 100vw, 368px\" \/><\/figure>\n<\/div>\n<\/div>\n<\/div>\n<\/div>\n\n\n\n<div class=\"wp-block-group alignwide is-layout-constrained wp-block-group-is-layout-constrained\">\n<div class=\"wp-block-columns alignwide is-layout-flex wp-container-core-columns-is-layout-47c06fe3 wp-block-columns-is-layout-flex\">\n<div class=\"wp-block-column is-vertically-aligned-center is-layout-flow wp-block-column-is-layout-flow\">\n<h2 class=\"wp-block-heading has-text-align-center has-text-color has-link-color wp-elements-7072a3b9561ed7021f819db9cebfc812\" style=\"color:#b0100b\"><strong>R\u00dcCKSICHTSVOLLE UMZUGSHILFE <\/strong><br><strong>F\u00dcR SENIOREN <\/strong><\/h2>\n\n\n\n<h3 class=\"wp-block-heading has-text-align-center\" style=\"text-transform:uppercase\"><br><strong>Seniorenumzug: DIE HERAUSFORDERUNG MEISTERN<\/strong><\/h3>\n\n\n\n<p class=\"has-text-align-center\">Der Umzug im Alter kann eine besondere Herausforderung darstellen. Es erfordert nicht nur logistische Planung, sondern auch einf\u00fchlsame Unterst\u00fctzung. Unser Senioren-Umzugsservice ist darauf ausgerichtet, \u00e4ltere Menschen und ihre Angeh\u00f6rigen bei diesem wichtigen Schritt zu begleiten.<\/p>\n\n\n\n<h3 class=\"wp-block-heading has-text-align-center\" style=\"text-transform:uppercase\"><strong>Unsere Umzugsservices f\u00fcr Senioren im \u00dcberblick<\/strong><\/h3>\n\n\n\n<h4 class=\"wp-block-heading has-text-align-center\"><strong>Senioren-Umzugsunterst\u00fctzung: Ein individueller Ansatz<\/strong><\/h4>\n\n\n\n<p class=\"has-text-align-center\">Jeder Seniorenumzug ist einzigartig. Wir bieten eine umfassende Umzugsunterst\u00fctzung, die auf Ihre individuellen Bed\u00fcrfnisse und W\u00fcnsche zugeschnitten ist. Von der Planung bis zur Umsetzung stehen wir Ihnen zur Seite.<\/p>\n\n\n\n<h4 class=\"wp-block-heading has-text-align-center\"><strong>Umzugsbegleitung f\u00fcr Senioren: Nicht allein, sondern mit uns an Ihrer Seite<\/strong><\/h4>\n\n\n\n<p class=\"has-text-align-center\">Unser Team sorgt daf\u00fcr, dass Sie sich w\u00e4hrend des Umzugs nicht allein f\u00fchlen. Wir unterst\u00fctzen nicht nur beim Transport, sondern auch bei organisatorischen Aufgaben.<\/p>\n\n\n\n<h4 class=\"wp-block-heading has-text-align-center\"><strong>Seniorengerechter Umzug: Komfortabel und barrierefrei<\/strong><\/h4>\n\n\n\n<p class=\"has-text-align-center\">Ein seniorengerechter Umzug bedeutet mehr als nur den Transport von A nach B. Wir planen einen barrierefreien und komfortablen Umzug, der den Bed\u00fcrfnissen \u00e4lterer Menschen gerecht wird.<\/p>\n\n\n\n<h3 class=\"wp-block-heading has-text-align-center\"><strong>Unsere Einsatzgebiete<\/strong>:<\/h3>\n\n\n\n<p class=\"has-text-align-center\">Unsere Dienstleistungen im Bereich der Umzugshilfe f\u00fcr Senioren bieten wir in folgenden St\u00e4dten\/Kreisst\u00e4dten:<br><br><strong>\u2022 K\u00f6ln \u2022 Neuss \u2022 Hilden \u2022 Dormagen \u2022 Leverkusen \u2022 D\u00fcsseldorf<br>\u2022 Erkrath \u2022 Mettmann \u2022 Burscheid \u2022 Bergisch Gladbach<br>\u2022 Leichlingen \u2022 Haan \u2022 Velbert \u2022 Ratingen \u2026 und mehr<\/strong><\/p>\n\n\n\n<h2 class=\"wp-block-heading has-text-align-center\"><strong>Lassen Sie sich ein individuelles Angebot erstellen!<\/strong><\/h2>\n\n\n\n<p class=\"has-text-align-center\">Ein Seniorenumzug erfordert Fingerspitzengef\u00fchl. Kontaktieren Sie uns f\u00fcr eine umfassende und r\u00fccksichtsvolle Umzugshilfe. Gerne erstellen wir Ihnen ein individuelles Angebot, das Ihren Bed\u00fcrfnissen gerecht wird.<br><\/p>\n\n\n\n<p><\/p>\n\n\n\n<div class=\"wp-block-group alignfull has-raft-fg-alt-color has-text-color has-background has-link-color wp-elements-0bd9832c0786ae8d23bfffcfd166bdbd is-layout-constrained wp-container-core-group-is-layout-87092498 wp-block-group-is-layout-constrained\" style=\"background-color:#b0100b;margin-top:0;margin-bottom:0;padding-top:var(--wp--preset--spacing--80);padding-right:var(--wp--preset--spacing--40);padding-bottom:var(--wp--preset--spacing--80);padding-left:var(--wp--preset--spacing--40)\">\n<div class=\"wp-block-group is-layout-constrained wp-container-core-group-is-layout-92b9201d wp-block-group-is-layout-constrained\">\n<p class=\"has-text-align-center has-small-font-size\" style=\"font-style:normal;font-weight:600;letter-spacing:2px;text-transform:uppercase\">HAUSHELDEN<\/p>\n\n\n\n<h2 class=\"wp-block-heading has-text-align-center has-huge-font-size\">Lieber heute als morgen, <br>schreiben Sie uns!<\/h2>\n<\/div>\n\n\n\n<div class=\"wp-block-buttons is-content-justification-center is-layout-flex wp-container-core-buttons-is-layout-a89b3969 wp-block-buttons-is-layout-flex\">\n<div class=\"wp-block-button has-custom-width wp-block-button__width-100 is-style-outline is-style-outline--1\"><a class=\"wp-block-button__link has-black-background-color has-background wp-element-button\" href=\"mailto:info@haushelden-service.de\">KLICKEN SIE JETZT F\u00dcR IHR INDIVIDUELLES ANGEBOT<\/a><\/div>\n<\/div>\n<\/div>\n<\/div>\n<\/div>\n<\/div>\n\n\n\n<div class=\"wp-block-group alignfull has-raft-bg-alt-background-color has-background is-layout-constrained wp-container-core-group-is-layout-73eab25f wp-block-group-is-layout-constrained\" style=\"margin-top:0;margin-bottom:0;padding-top:var(--wp--preset--spacing--80);padding-right:var(--wp--preset--spacing--40);padding-bottom:var(--wp--preset--spacing--80);padding-left:var(--wp--preset--spacing--40)\">\n<div class=\"wp-block-group alignwide is-layout-flow wp-container-core-group-is-layout-19eabfb7 wp-block-group-is-layout-flow\">\n<figure class=\"wp-block-image aligncenter size-full is-resized is-style-rounded\"><img decoding=\"async\" src=\"https:\/\/haushelden-service.de\/wp-content\/themes\/raft\/assets\/img\/shape-05.svg\" alt=\"\" class=\"wp-image-287\" style=\"aspect-ratio:1;object-fit:cover;width:88px\"\/><\/figure>\n\n\n\n<p class=\"has-text-align-center has-medium-font-size\">&#8222;&#8230;schnell, zuverl\u00e4ssig und kompetent&#8230;&#8220;<\/p>\n\n\n\n<p class=\"has-text-align-center has-raft-accent-color has-text-color has-link-color has-medium-font-size wp-elements-fa402e63e59ca40a6098b2aa9dc94cdf\">\u2605 \u2605 \u2605 \u2605 \u2605<\/p>\n\n\n\n<p class=\"has-text-align-center has-small-font-size\" style=\"font-style:normal;font-weight:600;letter-spacing:2px;text-transform:uppercase\"><a href=\"https:\/\/www.google.com\/maps\/contrib\/115631333533649929437?hl=de\">Sema Beauty<\/a><\/p>\n<\/div>\n<\/div>\n\n\n\n<div class=\"wp-block-group alignfull has-raft-fg-alt-color has-raft-bg-inv-background-color has-text-color has-background has-link-color wp-elements-74da91cfe31fe5bd6d28c89665873ea2 is-layout-flow wp-container-core-group-is-layout-60ec7785 wp-block-group-is-layout-flow\" style=\"margin-top:0;margin-bottom:0;padding-top:0;padding-right:0;padding-bottom:0;padding-left:0\">\n<div class=\"wp-block-group alignfull has-raft-fg-alt-color has-text-color has-background has-link-color wp-elements-b2a6968c9fb7bfc5ed6eba08fda65b08 is-layout-constrained wp-container-core-group-is-layout-87092498 wp-block-group-is-layout-constrained\" style=\"background-color:#b0100b;margin-top:0;margin-bottom:0;padding-top:var(--wp--preset--spacing--80);padding-right:var(--wp--preset--spacing--40);padding-bottom:var(--wp--preset--spacing--80);padding-left:var(--wp--preset--spacing--40)\">\n<div class=\"wp-block-group is-layout-constrained wp-container-core-group-is-layout-92b9201d wp-block-group-is-layout-constrained\">\n<p class=\"has-text-align-center has-small-font-size\" style=\"font-style:normal;font-weight:600;letter-spacing:2px;text-transform:uppercase\">HAUSHELDEN<\/p>\n\n\n\n<h2 class=\"wp-block-heading has-text-align-center has-huge-font-size\">Entdecken Sie auch unsere anderen Dienstleistungen!<\/h2>\n<\/div>\n\n\n\n<div class=\"wp-block-buttons is-content-justification-center is-layout-flex wp-container-core-buttons-is-layout-a89b3969 wp-block-buttons-is-layout-flex\">\n<div class=\"wp-block-button has-custom-width wp-block-button__width-100 is-style-outline is-style-outline--2\"><a class=\"wp-block-button__link has-black-background-color has-background wp-element-button\" href=\"https:\/\/haushelden-service.de\/index.php\/services-page\/\">MEHR \u00dcBER UNSERE DIENSTLEISTUNGEN ERFAHREN<\/a><\/div>\n<\/div>\n<\/div>\n<\/div>\n","protected":false},"excerpt":{"rendered":"<p>UMZUGSHILFE F\u00dcR SENIOREN Ein Angeh\u00f6riger oder Sie selbst bewohnen eine Wohnung oder&nbsp;ein Zimmer in einem Seniorenheim oder m\u00f6chten in eines umziehen?&nbsp;Sie brauchen Hilfe beim anstehenden Umzug und m\u00fcssen sich&nbsp;dabei ggf. verkleinern? Dabei helfen wir gerne und machen Ihnen&nbsp;auf Anfrage ein Angebot! R\u00dcCKSICHTSVOLLE UMZUGSHILFE F\u00dcR SENIOREN Seniorenumzug: DIE HERAUSFORDERUNG MEISTERN Der Umzug im Alter kann eine [&hellip;]<\/p>\n","protected":false},"author":1,"featured_media":0,"parent":329,"menu_order":0,"comment_status":"closed","ping_status":"closed","template":"template-plain","meta":{"_themeisle_gutenberg_block_has_review":false,"footnotes":""},"class_list":["post-639","page","type-page","status-publish","hentry"],"yoast_head":"<!-- This site is optimized with the Yoast SEO plugin v27.6 - https:\/\/yoast.com\/product\/yoast-seo-wordpress\/ -->\n<title>Umzugshilfe f\u00fcr Senioren - Haushelden-Service<\/title>\n<meta name=\"description\" content=\"Erleben Sie einen stressfreien Seniorenumzug mit unserem r\u00fccksichtsvollen Umzugsservice. In K\u00f6ln, Neuss, D\u00fcsseldorf und weiteren Regionen bieten wir individuelle Umzugshilfe f\u00fcr Senioren. Fordern Sie jetzt Ihr ma\u00dfgeschneidertes Angebot an!\" \/>\n<meta name=\"robots\" content=\"index, follow, max-snippet:-1, max-image-preview:large, max-video-preview:-1\" \/>\n<link rel=\"canonical\" href=\"https:\/\/haushelden-service.de\/index.php\/services-page\/ruecksichtsvolle-umzugshilfe-fuer-senioren-in-koeln-und-umgebung-ihr-partner-fuer-einfuehlsame-seniorenumzuege\/\" \/>\n<meta property=\"og:locale\" content=\"de_DE\" \/>\n<meta property=\"og:type\" content=\"article\" \/>\n<meta property=\"og:title\" content=\"Umzugshilfe f\u00fcr Senioren - Haushelden-Service\" \/>\n<meta property=\"og:description\" content=\"Erleben Sie einen stressfreien Seniorenumzug mit unserem r\u00fccksichtsvollen Umzugsservice. In K\u00f6ln, Neuss, D\u00fcsseldorf und weiteren Regionen bieten wir individuelle Umzugshilfe f\u00fcr Senioren. Fordern Sie jetzt Ihr ma\u00dfgeschneidertes Angebot an!\" \/>\n<meta property=\"og:url\" content=\"https:\/\/haushelden-service.de\/index.php\/services-page\/ruecksichtsvolle-umzugshilfe-fuer-senioren-in-koeln-und-umgebung-ihr-partner-fuer-einfuehlsame-seniorenumzuege\/\" \/>\n<meta property=\"og:site_name\" content=\"Haushelden-Service\" \/>\n<meta property=\"article:modified_time\" content=\"2024-01-22T19:58:56+00:00\" \/>\n<meta property=\"og:image\" content=\"https:\/\/haushelden-service.de\/wp-content\/uploads\/2024\/01\/rentner.png\" \/>\n<meta name=\"twitter:card\" content=\"summary_large_image\" \/>\n<meta name=\"twitter:label1\" content=\"Gesch\u00e4tzte Lesezeit\" \/>\n\t<meta name=\"twitter:data1\" content=\"3\u00a0Minuten\" \/>\n<script type=\"application\/ld+json\" class=\"yoast-schema-graph\">{\"@context\":\"https:\\\/\\\/schema.org\",\"@graph\":[{\"@type\":\"WebPage\",\"@id\":\"https:\\\/\\\/haushelden-service.de\\\/index.php\\\/services-page\\\/ruecksichtsvolle-umzugshilfe-fuer-senioren-in-koeln-und-umgebung-ihr-partner-fuer-einfuehlsame-seniorenumzuege\\\/\",\"url\":\"https:\\\/\\\/haushelden-service.de\\\/index.php\\\/services-page\\\/ruecksichtsvolle-umzugshilfe-fuer-senioren-in-koeln-und-umgebung-ihr-partner-fuer-einfuehlsame-seniorenumzuege\\\/\",\"name\":\"Umzugshilfe f\u00fcr Senioren - Haushelden-Service\",\"isPartOf\":{\"@id\":\"https:\\\/\\\/haushelden-service.de\\\/#website\"},\"primaryImageOfPage\":{\"@id\":\"https:\\\/\\\/haushelden-service.de\\\/index.php\\\/services-page\\\/ruecksichtsvolle-umzugshilfe-fuer-senioren-in-koeln-und-umgebung-ihr-partner-fuer-einfuehlsame-seniorenumzuege\\\/#primaryimage\"},\"image\":{\"@id\":\"https:\\\/\\\/haushelden-service.de\\\/index.php\\\/services-page\\\/ruecksichtsvolle-umzugshilfe-fuer-senioren-in-koeln-und-umgebung-ihr-partner-fuer-einfuehlsame-seniorenumzuege\\\/#primaryimage\"},\"thumbnailUrl\":\"https:\\\/\\\/haushelden-service.de\\\/wp-content\\\/uploads\\\/2024\\\/01\\\/rentner.png\",\"datePublished\":\"2024-01-22T12:38:06+00:00\",\"dateModified\":\"2024-01-22T19:58:56+00:00\",\"description\":\"Erleben Sie einen stressfreien Seniorenumzug mit unserem r\u00fccksichtsvollen Umzugsservice. In K\u00f6ln, Neuss, D\u00fcsseldorf und weiteren Regionen bieten wir individuelle Umzugshilfe f\u00fcr Senioren. Fordern Sie jetzt Ihr ma\u00dfgeschneidertes Angebot an!\",\"breadcrumb\":{\"@id\":\"https:\\\/\\\/haushelden-service.de\\\/index.php\\\/services-page\\\/ruecksichtsvolle-umzugshilfe-fuer-senioren-in-koeln-und-umgebung-ihr-partner-fuer-einfuehlsame-seniorenumzuege\\\/#breadcrumb\"},\"inLanguage\":\"de\",\"potentialAction\":[{\"@type\":\"ReadAction\",\"target\":[\"https:\\\/\\\/haushelden-service.de\\\/index.php\\\/services-page\\\/ruecksichtsvolle-umzugshilfe-fuer-senioren-in-koeln-und-umgebung-ihr-partner-fuer-einfuehlsame-seniorenumzuege\\\/\"]}]},{\"@type\":\"ImageObject\",\"inLanguage\":\"de\",\"@id\":\"https:\\\/\\\/haushelden-service.de\\\/index.php\\\/services-page\\\/ruecksichtsvolle-umzugshilfe-fuer-senioren-in-koeln-und-umgebung-ihr-partner-fuer-einfuehlsame-seniorenumzuege\\\/#primaryimage\",\"url\":\"https:\\\/\\\/haushelden-service.de\\\/wp-content\\\/uploads\\\/2024\\\/01\\\/rentner.png\",\"contentUrl\":\"https:\\\/\\\/haushelden-service.de\\\/wp-content\\\/uploads\\\/2024\\\/01\\\/rentner.png\",\"width\":368,\"height\":372},{\"@type\":\"BreadcrumbList\",\"@id\":\"https:\\\/\\\/haushelden-service.de\\\/index.php\\\/services-page\\\/ruecksichtsvolle-umzugshilfe-fuer-senioren-in-koeln-und-umgebung-ihr-partner-fuer-einfuehlsame-seniorenumzuege\\\/#breadcrumb\",\"itemListElement\":[{\"@type\":\"ListItem\",\"position\":1,\"name\":\"Startseite\",\"item\":\"https:\\\/\\\/haushelden-service.de\\\/\"},{\"@type\":\"ListItem\",\"position\":2,\"name\":\"UNSER ANGEBOT F\u00dcR SIE IM \u00dcBERBLICK\",\"item\":\"https:\\\/\\\/haushelden-service.de\\\/index.php\\\/services-page\\\/\"},{\"@type\":\"ListItem\",\"position\":3,\"name\":\"Umzugshilfe f\u00fcr Senioren\"}]},{\"@type\":\"WebSite\",\"@id\":\"https:\\\/\\\/haushelden-service.de\\\/#website\",\"url\":\"https:\\\/\\\/haushelden-service.de\\\/\",\"name\":\"Haushelden-Service\",\"description\":\"Ihr kompetenter Partner f\u00fcr alles rund ums Haus\",\"publisher\":{\"@id\":\"https:\\\/\\\/haushelden-service.de\\\/#organization\"},\"potentialAction\":[{\"@type\":\"SearchAction\",\"target\":{\"@type\":\"EntryPoint\",\"urlTemplate\":\"https:\\\/\\\/haushelden-service.de\\\/?s={search_term_string}\"},\"query-input\":{\"@type\":\"PropertyValueSpecification\",\"valueRequired\":true,\"valueName\":\"search_term_string\"}}],\"inLanguage\":\"de\"},{\"@type\":\"Organization\",\"@id\":\"https:\\\/\\\/haushelden-service.de\\\/#organization\",\"name\":\"Haushelden-Service\",\"url\":\"https:\\\/\\\/haushelden-service.de\\\/\",\"logo\":{\"@type\":\"ImageObject\",\"inLanguage\":\"de\",\"@id\":\"https:\\\/\\\/haushelden-service.de\\\/#\\\/schema\\\/logo\\\/image\\\/\",\"url\":\"https:\\\/\\\/haushelden-service.de\\\/wp-content\\\/uploads\\\/2024\\\/01\\\/01_Haushelden_logo_FINAL_2024.png\",\"contentUrl\":\"https:\\\/\\\/haushelden-service.de\\\/wp-content\\\/uploads\\\/2024\\\/01\\\/01_Haushelden_logo_FINAL_2024.png\",\"width\":2210,\"height\":1212,\"caption\":\"Haushelden-Service\"},\"image\":{\"@id\":\"https:\\\/\\\/haushelden-service.de\\\/#\\\/schema\\\/logo\\\/image\\\/\"},\"sameAs\":[\"https:\\\/\\\/www.instagram.com\\\/haushelden_service\\\/\"]}]}<\/script>\n<!-- \/ Yoast SEO plugin. -->","yoast_head_json":{"title":"Umzugshilfe f\u00fcr Senioren - Haushelden-Service","description":"Erleben Sie einen stressfreien Seniorenumzug mit unserem r\u00fccksichtsvollen Umzugsservice. In K\u00f6ln, Neuss, D\u00fcsseldorf und weiteren Regionen bieten wir individuelle Umzugshilfe f\u00fcr Senioren. Fordern Sie jetzt Ihr ma\u00dfgeschneidertes Angebot an!","robots":{"index":"index","follow":"follow","max-snippet":"max-snippet:-1","max-image-preview":"max-image-preview:large","max-video-preview":"max-video-preview:-1"},"canonical":"https:\/\/haushelden-service.de\/index.php\/services-page\/ruecksichtsvolle-umzugshilfe-fuer-senioren-in-koeln-und-umgebung-ihr-partner-fuer-einfuehlsame-seniorenumzuege\/","og_locale":"de_DE","og_type":"article","og_title":"Umzugshilfe f\u00fcr Senioren - Haushelden-Service","og_description":"Erleben Sie einen stressfreien Seniorenumzug mit unserem r\u00fccksichtsvollen Umzugsservice. In K\u00f6ln, Neuss, D\u00fcsseldorf und weiteren Regionen bieten wir individuelle Umzugshilfe f\u00fcr Senioren. Fordern Sie jetzt Ihr ma\u00dfgeschneidertes Angebot an!","og_url":"https:\/\/haushelden-service.de\/index.php\/services-page\/ruecksichtsvolle-umzugshilfe-fuer-senioren-in-koeln-und-umgebung-ihr-partner-fuer-einfuehlsame-seniorenumzuege\/","og_site_name":"Haushelden-Service","article_modified_time":"2024-01-22T19:58:56+00:00","og_image":[{"url":"https:\/\/haushelden-service.de\/wp-content\/uploads\/2024\/01\/rentner.png","type":"","width":"","height":""}],"twitter_card":"summary_large_image","twitter_misc":{"Gesch\u00e4tzte Lesezeit":"3\u00a0Minuten"},"schema":{"@context":"https:\/\/schema.org","@graph":[{"@type":"WebPage","@id":"https:\/\/haushelden-service.de\/index.php\/services-page\/ruecksichtsvolle-umzugshilfe-fuer-senioren-in-koeln-und-umgebung-ihr-partner-fuer-einfuehlsame-seniorenumzuege\/","url":"https:\/\/haushelden-service.de\/index.php\/services-page\/ruecksichtsvolle-umzugshilfe-fuer-senioren-in-koeln-und-umgebung-ihr-partner-fuer-einfuehlsame-seniorenumzuege\/","name":"Umzugshilfe f\u00fcr Senioren - Haushelden-Service","isPartOf":{"@id":"https:\/\/haushelden-service.de\/#website"},"primaryImageOfPage":{"@id":"https:\/\/haushelden-service.de\/index.php\/services-page\/ruecksichtsvolle-umzugshilfe-fuer-senioren-in-koeln-und-umgebung-ihr-partner-fuer-einfuehlsame-seniorenumzuege\/#primaryimage"},"image":{"@id":"https:\/\/haushelden-service.de\/index.php\/services-page\/ruecksichtsvolle-umzugshilfe-fuer-senioren-in-koeln-und-umgebung-ihr-partner-fuer-einfuehlsame-seniorenumzuege\/#primaryimage"},"thumbnailUrl":"https:\/\/haushelden-service.de\/wp-content\/uploads\/2024\/01\/rentner.png","datePublished":"2024-01-22T12:38:06+00:00","dateModified":"2024-01-22T19:58:56+00:00","description":"Erleben Sie einen stressfreien Seniorenumzug mit unserem r\u00fccksichtsvollen Umzugsservice. In K\u00f6ln, Neuss, D\u00fcsseldorf und weiteren Regionen bieten wir individuelle Umzugshilfe f\u00fcr Senioren. Fordern Sie jetzt Ihr ma\u00dfgeschneidertes Angebot an!","breadcrumb":{"@id":"https:\/\/haushelden-service.de\/index.php\/services-page\/ruecksichtsvolle-umzugshilfe-fuer-senioren-in-koeln-und-umgebung-ihr-partner-fuer-einfuehlsame-seniorenumzuege\/#breadcrumb"},"inLanguage":"de","potentialAction":[{"@type":"ReadAction","target":["https:\/\/haushelden-service.de\/index.php\/services-page\/ruecksichtsvolle-umzugshilfe-fuer-senioren-in-koeln-und-umgebung-ihr-partner-fuer-einfuehlsame-seniorenumzuege\/"]}]},{"@type":"ImageObject","inLanguage":"de","@id":"https:\/\/haushelden-service.de\/index.php\/services-page\/ruecksichtsvolle-umzugshilfe-fuer-senioren-in-koeln-und-umgebung-ihr-partner-fuer-einfuehlsame-seniorenumzuege\/#primaryimage","url":"https:\/\/haushelden-service.de\/wp-content\/uploads\/2024\/01\/rentner.png","contentUrl":"https:\/\/haushelden-service.de\/wp-content\/uploads\/2024\/01\/rentner.png","width":368,"height":372},{"@type":"BreadcrumbList","@id":"https:\/\/haushelden-service.de\/index.php\/services-page\/ruecksichtsvolle-umzugshilfe-fuer-senioren-in-koeln-und-umgebung-ihr-partner-fuer-einfuehlsame-seniorenumzuege\/#breadcrumb","itemListElement":[{"@type":"ListItem","position":1,"name":"Startseite","item":"https:\/\/haushelden-service.de\/"},{"@type":"ListItem","position":2,"name":"UNSER ANGEBOT F\u00dcR SIE IM \u00dcBERBLICK","item":"https:\/\/haushelden-service.de\/index.php\/services-page\/"},{"@type":"ListItem","position":3,"name":"Umzugshilfe f\u00fcr Senioren"}]},{"@type":"WebSite","@id":"https:\/\/haushelden-service.de\/#website","url":"https:\/\/haushelden-service.de\/","name":"Haushelden-Service","description":"Ihr kompetenter Partner f\u00fcr alles rund ums Haus","publisher":{"@id":"https:\/\/haushelden-service.de\/#organization"},"potentialAction":[{"@type":"SearchAction","target":{"@type":"EntryPoint","urlTemplate":"https:\/\/haushelden-service.de\/?s={search_term_string}"},"query-input":{"@type":"PropertyValueSpecification","valueRequired":true,"valueName":"search_term_string"}}],"inLanguage":"de"},{"@type":"Organization","@id":"https:\/\/haushelden-service.de\/#organization","name":"Haushelden-Service","url":"https:\/\/haushelden-service.de\/","logo":{"@type":"ImageObject","inLanguage":"de","@id":"https:\/\/haushelden-service.de\/#\/schema\/logo\/image\/","url":"https:\/\/haushelden-service.de\/wp-content\/uploads\/2024\/01\/01_Haushelden_logo_FINAL_2024.png","contentUrl":"https:\/\/haushelden-service.de\/wp-content\/uploads\/2024\/01\/01_Haushelden_logo_FINAL_2024.png","width":2210,"height":1212,"caption":"Haushelden-Service"},"image":{"@id":"https:\/\/haushelden-service.de\/#\/schema\/logo\/image\/"},"sameAs":["https:\/\/www.instagram.com\/haushelden_service\/"]}]}},"_links":{"self":[{"href":"https:\/\/haushelden-service.de\/index.php\/wp-json\/wp\/v2\/pages\/639","targetHints":{"allow":["GET"]}}],"collection":[{"href":"https:\/\/haushelden-service.de\/index.php\/wp-json\/wp\/v2\/pages"}],"about":[{"href":"https:\/\/haushelden-service.de\/index.php\/wp-json\/wp\/v2\/types\/page"}],"author":[{"embeddable":true,"href":"https:\/\/haushelden-service.de\/index.php\/wp-json\/wp\/v2\/users\/1"}],"replies":[{"embeddable":true,"href":"https:\/\/haushelden-service.de\/index.php\/wp-json\/wp\/v2\/comments?post=639"}],"version-history":[{"count":15,"href":"https:\/\/haushelden-service.de\/index.php\/wp-json\/wp\/v2\/pages\/639\/revisions"}],"predecessor-version":[{"id":779,"href":"https:\/\/haushelden-service.de\/index.php\/wp-json\/wp\/v2\/pages\/639\/revisions\/779"}],"up":[{"embeddable":true,"href":"https:\/\/haushelden-service.de\/index.php\/wp-json\/wp\/v2\/pages\/329"}],"wp:attachment":[{"href":"https:\/\/haushelden-service.de\/index.php\/wp-json\/wp\/v2\/media?parent=639"}],"curies":[{"name":"wp","href":"https:\/\/api.w.org\/{rel}","templated":true}]}}